{"id":3107,"date":"2021-05-25T11:36:02","date_gmt":"2021-05-25T11:36:02","guid":{"rendered":"https:\/\/merbergroup.me\/?page_id=3107"},"modified":"2025-05-17T09:43:41","modified_gmt":"2025-05-17T09:43:41","slug":"home","status":"publish","type":"page","link":"https:\/\/merbergroup.me\/sr\/","title":{"rendered":"Home"},"content":{"rendered":"\t\t<div data-elementor-type=\"wp-page\" data-elementor-id=\"3107\" class=\"elementor elementor-3107\" data-elementor-post-type=\"page\">\n\t\t\t\t\t\t<section class=\"elementor-section elementor-top-section elementor-element elementor-element-7795526 elementor-section-full_width elementor-section-height-default elementor-section-height-default\" data-id=\"7795526\" data-element_type=\"section\">\n\t\t\t\t\t\t<div class=\"elementor-container elementor-column-gap-no\">\n\t\t\t\t\t<div class=\"elementor-column elementor-col-100 elementor-top-column elementor-element elementor-element-823bd72\" data-id=\"823bd72\" data-element_type=\"column\">\n\t\t\t<div class=\"elementor-widget-wrap elementor-element-populated\">\n\t\t\t\t\t\t<div class=\"elementor-element elementor-element-826053a elementor-widget elementor-widget-larson-hero-slider\" data-id=\"826053a\" data-element_type=\"widget\" data-widget_type=\"larson-hero-slider.default\">\n\t\t\t\t<div class=\"elementor-widget-container\">\n\t\t\t\t\t\n\t\t<div class=\"webpage__main-slider main-slider\">\n\t    \t<div class=\"swiper-container __js_main-slider\" data-delay=\"4000\">\n\t    \t\t\t    \t\t<div class=\"swiper-wrapper\">\n\t    \t\t\t\t    \t\t\t<div class=\"swiper-slide\">\n\t    \t\t\t\t<div class=\"slide\" style=\"background-image: url(https:\/\/merbergroup.me\/wp-content\/uploads\/2021\/08\/kotor2.jpeg);\" data-dimg=\"https:\/\/merbergroup.me\/wp-content\/uploads\/2021\/08\/kotor2.jpeg\" data-mimg=\"\"><\/div>\n\t    \t\t\t\t<div class=\"container\">\n\t    \t\t\t\t\t<div class=\"info\">\n\t    \t\t\t\t\t\t<div class=\"bline\">\n\t    \t\t\t\t\t\t\t<span class=\"bline-1\"><\/span>\n\t    \t\t\t\t\t\t\t<span class=\"bline-2\"><\/span>\n\t    \t\t\t\t\t\t\t<span class=\"bline-3\"><\/span>\n\t    \t\t\t\t\t\t<\/div>\n\t    \t\t\t\t\t\t\t    \t\t\t\t\t\t<div class=\"subtitle\">\n\t    \t\t\t\t\t\t\t<span >\n\t\t\t\t    \t\t\t\t\tLansirano\t\t\t\t    \t\t\t\t<\/span>\n\t    \t\t\t\t\t\t<\/div>\n\t    \t\t\t\t\t\t\t    \t\t\t\t\t\t\t    \t\t\t\t\t\t<div class=\"title\">\n\t    \t\t\t\t\t\t\t<span >\n\t\t\t    \t\t\t\t\t\tKotor Elysium <br \/>\n<b>Boka Residence<\/b>\n \t\t\t    \t\t\t\t\t<\/span>\n\t    \t\t\t\t\t\t<\/div>\n\t    \t\t\t\t\t\t\t    \t\t\t\t\t\t\t    \t\t\t\t\t\t<div class=\"more\">\n\t    \t\t\t\t\t\t\t<a href=\"https:\/\/merbergroup.me\/sr\/portfolio\/item\/kotor-elysium-boka-residence\/\" class=\"link-arrow link-arrow--white\">\n\t    \t\t\t\t\t\t\t\t<span >Detalji projekta<\/span>\n\t\t\t\t\t                    <svg width=\"20\" height=\"20\">\n\t\t\t\t\t                    \t<use xlink:href=\"#chevron-right\"><\/use>\n\t\t\t\t\t                    <\/svg>\n\t\t\t\t\t                <\/a>\n\t    \t\t\t\t\t\t<\/div>\n\t    \t\t\t\t\t\t\t    \t\t\t\t\t<\/div>\n\t    \t\t\t\t<\/div>\n\t    \t\t\t<\/div>\n\t    \t\t\t\t    \t\t\t<div class=\"swiper-slide\">\n\t    \t\t\t\t<div class=\"slide\" style=\"background-image: url(https:\/\/merbergroup.me\/wp-content\/uploads\/2021\/08\/elysium-residences-004.jpg);\" data-dimg=\"https:\/\/merbergroup.me\/wp-content\/uploads\/2021\/08\/elysium-residences-004.jpg\" data-mimg=\"\"><\/div>\n\t    \t\t\t\t<div class=\"container\">\n\t    \t\t\t\t\t<div class=\"info\">\n\t    \t\t\t\t\t\t<div class=\"bline\">\n\t    \t\t\t\t\t\t\t<span class=\"bline-1\"><\/span>\n\t    \t\t\t\t\t\t\t<span class=\"bline-2\"><\/span>\n\t    \t\t\t\t\t\t\t<span class=\"bline-3\"><\/span>\n\t    \t\t\t\t\t\t<\/div>\n\t    \t\t\t\t\t\t\t    \t\t\t\t\t\t<div class=\"subtitle\">\n\t    \t\t\t\t\t\t\t<span >\n\t\t\t\t    \t\t\t\t\tNastavljamo\t\t\t\t    \t\t\t\t<\/span>\n\t    \t\t\t\t\t\t<\/div>\n\t    \t\t\t\t\t\t\t    \t\t\t\t\t\t\t    \t\t\t\t\t\t<div class=\"title\">\n\t    \t\t\t\t\t\t\t<span >\n\t\t\t    \t\t\t\t\t\tElysium<br \/>\n<b> Residences<\/b>\t\t\t    \t\t\t\t\t<\/span>\n\t    \t\t\t\t\t\t<\/div>\n\t    \t\t\t\t\t\t\t    \t\t\t\t\t\t\t    \t\t\t\t\t\t<div class=\"more\">\n\t    \t\t\t\t\t\t\t<a href=\"https:\/\/merbergroup.me\/sr\/portfolio\/item\/elysium-residences\/\" class=\"link-arrow link-arrow--white\">\n\t    \t\t\t\t\t\t\t\t<span >Detalji projekta<\/span>\n\t\t\t\t\t                    <svg width=\"20\" height=\"20\">\n\t\t\t\t\t                    \t<use xlink:href=\"#chevron-right\"><\/use>\n\t\t\t\t\t                    <\/svg>\n\t\t\t\t\t                <\/a>\n\t    \t\t\t\t\t\t<\/div>\n\t    \t\t\t\t\t\t\t    \t\t\t\t\t<\/div>\n\t    \t\t\t\t<\/div>\n\t    \t\t\t<\/div>\n\t    \t\t\t\t    \t\t\t<div class=\"swiper-slide\">\n\t    \t\t\t\t<div class=\"slide\" style=\"background-image: url(https:\/\/merbergroup.me\/wp-content\/uploads\/2021\/08\/budva-babindo4.jpeg);\" data-dimg=\"https:\/\/merbergroup.me\/wp-content\/uploads\/2021\/08\/budva-babindo4.jpeg\" data-mimg=\"\"><\/div>\n\t    \t\t\t\t<div class=\"container\">\n\t    \t\t\t\t\t<div class=\"info\">\n\t    \t\t\t\t\t\t<div class=\"bline\">\n\t    \t\t\t\t\t\t\t<span class=\"bline-1\"><\/span>\n\t    \t\t\t\t\t\t\t<span class=\"bline-2\"><\/span>\n\t    \t\t\t\t\t\t\t<span class=\"bline-3\"><\/span>\n\t    \t\t\t\t\t\t<\/div>\n\t    \t\t\t\t\t\t\t    \t\t\t\t\t\t<div class=\"subtitle\">\n\t    \t\t\t\t\t\t\t<span >\n\t\t\t\t    \t\t\t\t\tLansirano\t\t\t\t    \t\t\t\t<\/span>\n\t    \t\t\t\t\t\t<\/div>\n\t    \t\t\t\t\t\t\t    \t\t\t\t\t\t\t    \t\t\t\t\t\t<div class=\"title\">\n\t    \t\t\t\t\t\t\t<span >\n\t\t\t    \t\t\t\t\t\tBudva<br \/>\n<b>Babindo<\/b>\t\t\t    \t\t\t\t\t<\/span>\n\t    \t\t\t\t\t\t<\/div>\n\t    \t\t\t\t\t\t\t    \t\t\t\t\t\t\t    \t\t\t\t\t\t<div class=\"more\">\n\t    \t\t\t\t\t\t\t<a href=\"https:\/\/merbergroup.me\/sr\/portfolio\/item\/budva-babindo\/\" class=\"link-arrow link-arrow--white\">\n\t    \t\t\t\t\t\t\t\t<span >Detalji projekta<\/span>\n\t\t\t\t\t                    <svg width=\"20\" height=\"20\">\n\t\t\t\t\t                    \t<use xlink:href=\"#chevron-right\"><\/use>\n\t\t\t\t\t                    <\/svg>\n\t\t\t\t\t                <\/a>\n\t    \t\t\t\t\t\t<\/div>\n\t    \t\t\t\t\t\t\t    \t\t\t\t\t<\/div>\n\t    \t\t\t\t<\/div>\n\t    \t\t\t<\/div>\n\t    \t\t\t\t    \t\t<\/div>\n\t    \t\t\n\t    \t\t<div class=\"swiper-custom-nav\">\n\t    \t\t\t<a class=\"prev\">Prev<\/a>\n\t    \t\t\t<a class=\"next\">Next<\/a>\n\t    \t\t<\/div>\n\t    \t<\/div>\n\t    \t<div class=\"swiper-custom-pagination\">\n\t    \t\t\t    \t\t<ul>\n\t    \t\t\t\t    \t\t\t<li>\n\t    \t\t\t\t<span class=\"num\">\n\t    \t\t\t\t\t01\t    \t\t\t\t<\/span>\n\t    \t\t\t\t<span class=\"label\">\n\t    \t\t\t\t\t<span >\n\t    \t\t\t\t\t\tKotor Elysium<br \/>\nBoka Residence\t    \t\t\t\t\t<\/span>\n\t    \t\t\t\t<\/span>\n\t    \t\t\t<\/li>\n\t    \t\t\t\t    \t\t\t<li>\n\t    \t\t\t\t<span class=\"num\">\n\t    \t\t\t\t\t02\t    \t\t\t\t<\/span>\n\t    \t\t\t\t<span class=\"label\">\n\t    \t\t\t\t\t<span >\n\t    \t\t\t\t\t\tElysium<br \/>\nResidences\t    \t\t\t\t\t<\/span>\n\t    \t\t\t\t<\/span>\n\t    \t\t\t<\/li>\n\t    \t\t\t\t    \t\t\t<li>\n\t    \t\t\t\t<span class=\"num\">\n\t    \t\t\t\t\t03\t    \t\t\t\t<\/span>\n\t    \t\t\t\t<span class=\"label\">\n\t    \t\t\t\t\t<span >\n\t    \t\t\t\t\t\tBudva <br>Babindo\t    \t\t\t\t\t<\/span>\n\t    \t\t\t\t<\/span>\n\t    \t\t\t<\/li>\n\t    \t\t\t\t    \t\t<\/ul>\n\t    \t\t\t    \t<\/div>\n\t    <\/div>\n\n\t\t\t\t\t\t<\/div>\n\t\t\t\t<\/div>\n\t\t\t\t\t<\/div>\n\t\t<\/div>\n\t\t\t\t\t<\/div>\n\t\t<\/section>\n\t\t\t\t<section class=\"elementor-section elementor-top-section elementor-element elementor-element-6a9b44b elementor-section-full_width elementor-section-height-default elementor-section-height-default\" data-id=\"6a9b44b\" data-element_type=\"section\">\n\t\t\t\t\t\t<div class=\"elementor-container elementor-column-gap-no\">\n\t\t\t\t\t<div class=\"elementor-column elementor-col-100 elementor-top-column elementor-element elementor-element-1f14f9b\" data-id=\"1f14f9b\" data-element_type=\"column\">\n\t\t\t<div class=\"elementor-widget-wrap elementor-element-populated\">\n\t\t\t\t\t\t<div class=\"elementor-element elementor-element-ce92cf7 elementor-widget elementor-widget-larson-about-us\" data-id=\"ce92cf7\" data-element_type=\"widget\" data-widget_type=\"larson-about-us.default\">\n\t\t\t\t<div class=\"elementor-widget-container\">\n\t\t\t\t\t\n\t\t<section class=\"webpage__about-section about-section\">\n\t        <div class=\"about-section__inner container\">\n\t          <div class=\"row no-gutters\">\n\t            <div class=\"about-section__content col-12 col-md-7\">\n\t              \t              <div class=\"about-section__heading heading-small\" data-aos=\"fade\">\n\t              \t<span >\n\t\t\t\t\t\tO nama\t\t\t\t\t<\/span>\n\t              <\/div>\n\t              \t              \t              <div class=\"about-section__pseudoheading heading\" data-aos=\"fade\">\n\t              \t<span >\n\t\t\t\t\t\tModerna<span class=\"color-yellow\"> arhitektura <\/span> sa stilom i ambicijom\t\t\t\t\t<\/span>\n\t              <\/div>\n\t              \t              \t              <div class=\"about-section__text\" data-aos=\"fade\">\n\t              \t<div >\n\t\t\t\t\t\t<p>Merber Group Gra\u0111evinarstvo osnovano je s ciljem da u gra\u0111evinskom sektoru realizuje inovativne i kvalitetne projekte. Na\u0161a firma, koja od 2018. godine posluje u Crnoj Gori, do sada je uspje\u0161no predala 5 projekata tipa \"izgradi i prodaj\" svojim klijentima.<\/p><p>Na\u0161a gra\u0111evinska firma, koja raste zahvaljuju\u0107i zadovoljstvu klijenata, planirala je svoje investicije u Crnoj Gori, zemlji koja je u procesu pridru\u017eivanja Evropskoj uniji, do 2030. godine.<br \/><br \/><\/p>\t\t\t\t\t<\/div>\n\t              <\/div>\n\t              \t              \t              <a href=\"https:\/\/merbergroup.me\/sr\/o-nama\/\" class=\"about-section__btn btn\" data-aos=\"fade\">\n\t              \t<span >\n\t\t\t\t\t\tDetaljne informacije\t\t\t\t\t<\/span>\n\t              <\/a>\n\t              \t            <\/div>\n\t            <div class=\"col-12 col-md-5\" data-aos=\"fade\">\n\t              \t              <div class=\"about-section__image\">\n\t                <img fetchpriority=\"high\" decoding=\"async\" src=\"https:\/\/merbergroup.me\/wp-content\/uploads\/2024\/07\/about-section-image@2x.jpg\" width=\"426\" height=\"573\" alt=\"Karada\u011f Yat\u0131r\u0131m\" title=\"\">\n\t              <\/div>\n\t              \t              \t              <div class=\"about-section__cite-wrapper\">\n\t                \t                <blockquote class=\"about-section__blockquote\">\n\t                \t<span >\n\t\t\t\t\t\t\t\u201cNa\u0161 prioritet je da u svakom projektu po\u0161tujemo najvi\u0161e standarde kvaliteta.\u201d\t\t\t\t\t\t<\/span>\n\t\t\t\t\t\t<span class=\"sep\"><svg viewBox='0 0 83 62' fill='none' xmlns='http:\/\/www.w3.org\/2000\/svg'><path d='M18.6.2c6.267 0 11 2.267 14.2 6.8 3.333 4.4 5 9.667 5 15.8 0 8.267-2.467 15.933-7.4 23-4.8 7.067-10.867 12.333-18.2 15.8L.4 52.2c5.333-2.133 10-5.067 14-8.8 4-3.867 6.733-7.867 8.2-12l-1-.6c-.667.533-1.467.933-2.4 1.2-.933.267-2.267.4-4 .4-3.067 0-6.2-1.2-9.4-3.6-3.067-2.533-4.6-6.333-4.6-11.4 0-5.333 1.733-9.533 5.2-12.6S13.933.2 18.6.2zm44.8 0c6.267 0 11 2.267 14.2 6.8 3.333 4.4 5 9.667 5 15.8 0 8.267-2.467 15.933-7.4 23-4.8 7.067-10.867 12.333-18.2 15.8l-11.8-9.4c5.333-2.133 10-5.067 14-8.8 4-3.867 6.733-7.867 8.2-12l-1-.6c-.667.533-1.467.933-2.4 1.2-.933.267-2.267.4-4 .4-3.067 0-6.2-1.2-9.4-3.6-3.067-2.533-4.6-6.333-4.6-11.4 0-5.333 1.733-9.533 5.2-12.6S58.733.2 63.4.2z' fill='#ffb74d'\/><\/svg><\/span>\n\t                <\/blockquote>\n\t                \t                \t                <cite class=\"about-section__cite\">\n\t                \t<span >\n\t\t\t\t\t\t\tMERBER  <br>GROUP\t\t\t\t\t\t<\/span>\n\t                <\/cite>\n\t                \t              <\/div>\n\t              \t            <\/div>\n\t          <\/div>\n\t        <\/div>\n\t    <\/section>\n\n\t\t\t\t\t\t<\/div>\n\t\t\t\t<\/div>\n\t\t\t\t\t<\/div>\n\t\t<\/div>\n\t\t\t\t\t<\/div>\n\t\t<\/section>\n\t\t\t\t<section class=\"elementor-section elementor-top-section elementor-element elementor-element-4c57874 elementor-section-full_width elementor-section-height-default elementor-section-height-default\" data-id=\"4c57874\" data-element_type=\"section\">\n\t\t\t\t\t\t<div class=\"elementor-container elementor-column-gap-no\">\n\t\t\t\t\t<div class=\"elementor-column elementor-col-100 elementor-top-column elementor-element elementor-element-362f2fe\" data-id=\"362f2fe\" data-element_type=\"column\">\n\t\t\t<div class=\"elementor-widget-wrap elementor-element-populated\">\n\t\t\t\t\t\t<div class=\"elementor-element elementor-element-f27cea8 elementor-widget elementor-widget-larson-portfolio-module\" data-id=\"f27cea8\" data-element_type=\"widget\" data-widget_type=\"larson-portfolio-module.default\">\n\t\t\t\t<div class=\"elementor-widget-container\">\n\t\t\t\t\t\n\t\t\n\t\t<section class=\"webpage__latest-projects latest-projects\">\n\t        \t        <header class=\"latest-projects__header container\" data-aos=\"fade\">\n\t          \t          <h2 class=\"latest-projects__heading heading\">\n\t          \t<span >\n\t\t\t\t\tProjekti\t\t\t\t<\/span>\n\t          <\/h2>\n\t          \t          \t          <!-- Filter latest projects-->\n\t          <div class=\"latest-projects__filter filter\">\n\t            <button class=\"filter__item filter__item--active __js_latest-projects-filter-item\" type=\"button\" data-filter=\"*\">Sve<\/button>\n\t            \t            <button class=\"filter__item __js_latest-projects-filter-item\" type=\"button\" data-filter=\".__js_zavrseno\">Zavr\u0161eno<\/button>\n\t            \t            <button class=\"filter__item __js_latest-projects-filter-item\" type=\"button\" data-filter=\".__js_planirano\">Planirano<\/button>\n\t            \t            <button class=\"filter__item __js_latest-projects-filter-item\" type=\"button\" data-filter=\".__js_nastavljamo\">Nastavljamo<\/button>\n\t            \t            <button class=\"filter__item __js_latest-projects-filter-item\" type=\"button\" data-filter=\".__js_lansirati\">Lansirati<\/button>\n\t            \t          <\/div>\n\t      \t  \t          \t          <a href=\"https:\/\/merbergroup.me\/sr\/projekti\/\" class=\"latest-projects__more more\">\n\t          \t<span >\n\t\t\t\t\tSvi projekti\t\t\t    <\/span>\n\t            <svg width=\"20\" height=\"20\">\n\t              <use xlink:href=\"#chevron-right\"><\/use>\n\t            <\/svg>\n\t          <\/a>\n\t          \t        <\/header>\n\t        \n\t        <div class=\"latest-projects__inner container\" data-aos=\"fade\">\n\t          \t          <div class=\"latest-projects__carousel swiper-container __js_latest-projects-carousel\">\n\t            <div class=\"swiper-wrapper\">\n\t              \n\n<a class=\"card swiper-slide __js_lansirati \" href=\"https:\/\/merbergroup.me\/sr\/portfolio\/item\/budva-babindo\/\">\n\t\t<div class=\"card__image\">\n\t  <img decoding=\"async\" src=\"https:\/\/merbergroup.me\/wp-content\/uploads\/2025\/09\/robindo-10-900x637.jpeg\" width=\"430\" height=\"573\" alt=\"Budva Babindo\" title=\"\">\n\t<\/div>\n\t\t<div class=\"card__content\">\n\t  \t  <h3 class=\"card__heading\">\n\t  \tBudva Babindo\t  <\/h3>\n\t  \t  <div class=\"card__text\">\n\t  \tNa\u0161a gradska hotelska koncepcija u centru Budve, na pje\u0161a\u010dkoj udaljenosti od Starog grada, nudi moderni i luksuzni \u017eivotni prostor sa 20 apartmana. \t  <\/div>\n\t  <div class=\"card__bottom\">\n\t    <span class=\"card__link\">\n\t      See project\t      <svg width=\"20\" height=\"20\">\n\t        <use xlink:href=\"#chevron-right\"><\/use>\n\t      <\/svg>\n\t    <\/span>\n\t  <\/div>\n\t<\/div>\n<\/a>\n\n<a class=\"card swiper-slide __js_planirano \" href=\"https:\/\/merbergroup.me\/sr\/portfolio\/item\/budva-lapcici\/\">\n\t\t<div class=\"card__image\">\n\t  <img decoding=\"async\" src=\"https:\/\/merbergroup.me\/wp-content\/uploads\/2021\/08\/budva-lapcici-3-900x608.jpg\" width=\"430\" height=\"573\" alt=\"Budva Lap\u010di\u0107i\" title=\"\">\n\t<\/div>\n\t\t<div class=\"card__content\">\n\t  \t  <h3 class=\"card__heading\">\n\t  \tBudva Lap\u010di\u0107i\t  <\/h3>\n\t  \t  <div class=\"card__text\">\n\t  \tPredstavljamo vam na\u0161 novi luksuzni kompleks koji \u0107e se graditi na 8 hektara zemlji\u0161ta u oblasti Lap\u010di\u0107i\t  <\/div>\n\t  <div class=\"card__bottom\">\n\t    <span class=\"card__link\">\n\t      See project\t      <svg width=\"20\" height=\"20\">\n\t        <use xlink:href=\"#chevron-right\"><\/use>\n\t      <\/svg>\n\t    <\/span>\n\t  <\/div>\n\t<\/div>\n<\/a>\n\n<a class=\"card swiper-slide __js_nastavljamo \" href=\"https:\/\/merbergroup.me\/sr\/portfolio\/item\/budva-lazi\/\">\n\t\t<div class=\"card__image\">\n\t  <img loading=\"lazy\" decoding=\"async\" src=\"https:\/\/merbergroup.me\/wp-content\/uploads\/2021\/08\/budva-lazi-006-900x506.jpg\" width=\"430\" height=\"573\" alt=\"Budva Lazi\" title=\"\">\n\t<\/div>\n\t\t<div class=\"card__content\">\n\t  \t  <h3 class=\"card__heading\">\n\t  \tBudva Lazi\t  <\/h3>\n\t  \t  <div class=\"card__text\">\n\t  \tNovi projekat kompanije Merber Group Construction, smje\u0161ten u centru Budve, bi\u0107e zavr\u0161en u junu 2025. godine.\t  <\/div>\n\t  <div class=\"card__bottom\">\n\t    <span class=\"card__link\">\n\t      See project\t      <svg width=\"20\" height=\"20\">\n\t        <use xlink:href=\"#chevron-right\"><\/use>\n\t      <\/svg>\n\t    <\/span>\n\t  <\/div>\n\t<\/div>\n<\/a>\n\n<a class=\"card swiper-slide __js_lansirati \" href=\"https:\/\/merbergroup.me\/sr\/portfolio\/item\/elysium-residences\/\">\n\t\t<div class=\"card__image\">\n\t  <img loading=\"lazy\" decoding=\"async\" src=\"https:\/\/merbergroup.me\/wp-content\/uploads\/2021\/08\/elysium-residences-004-900x506.jpg\" width=\"430\" height=\"573\" alt=\"Elys\u0131um Residences\" title=\"\">\n\t<\/div>\n\t\t<div class=\"card__content\">\n\t  \t  <h3 class=\"card__heading\">\n\t  \tElys\u0131um Residences\t  <\/h3>\n\t  \t  <div class=\"card__text\">\n\t  \t\t  <\/div>\n\t  <div class=\"card__bottom\">\n\t    <span class=\"card__link\">\n\t      See project\t      <svg width=\"20\" height=\"20\">\n\t        <use xlink:href=\"#chevron-right\"><\/use>\n\t      <\/svg>\n\t    <\/span>\n\t  <\/div>\n\t<\/div>\n<\/a>\n\n<a class=\"card swiper-slide __js_lansirati \" href=\"https:\/\/merbergroup.me\/sr\/portfolio\/item\/kotor-elysium-boka-residence\/\">\n\t\t<div class=\"card__image\">\n\t  <img loading=\"lazy\" decoding=\"async\" src=\"https:\/\/merbergroup.me\/wp-content\/uploads\/2021\/08\/kotor2-900x675.jpeg\" width=\"430\" height=\"573\" alt=\"Kotor Elysium Boka Residence\" title=\"\">\n\t<\/div>\n\t\t<div class=\"card__content\">\n\t  \t  <h3 class=\"card__heading\">\n\t  \tKotor Elysium Boka Residence\t  <\/h3>\n\t  \t  <div class=\"card__text\">\n\t  \tPredstavljamo vam na\u0161 luksuzni projekat sa panoramskim pogledom na more i infinity bazenom u oblasti Dobrota, Kotor. \t  <\/div>\n\t  <div class=\"card__bottom\">\n\t    <span class=\"card__link\">\n\t      See project\t      <svg width=\"20\" height=\"20\">\n\t        <use xlink:href=\"#chevron-right\"><\/use>\n\t      <\/svg>\n\t    <\/span>\n\t  <\/div>\n\t<\/div>\n<\/a>\n\n<a class=\"card swiper-slide __js_zavrseno \" href=\"https:\/\/merbergroup.me\/sr\/portfolio\/item\/sv-stefan-przno\/\">\n\t\t<div class=\"card__image\">\n\t  <img loading=\"lazy\" decoding=\"async\" src=\"https:\/\/merbergroup.me\/wp-content\/uploads\/2021\/08\/Sv-Stefan-Przno-017-900x526.jpg\" width=\"430\" height=\"573\" alt=\"Sv Stefan Przno\" title=\"\">\n\t<\/div>\n\t\t<div class=\"card__content\">\n\t  \t  <h3 class=\"card__heading\">\n\t  \tSv Stefan Przno\t  <\/h3>\n\t  \t  <div class=\"card__text\">\n\t  \tU oblasti Pr\u017eno, Budva, Crna Gora, na\u0161 projekat \"Sv. Stefan Pr\u017eno\" spaja luksuz i udobnost u jedinstvenom prirodnom okru\u017eenju s pogledom na more. \t  <\/div>\n\t  <div class=\"card__bottom\">\n\t    <span class=\"card__link\">\n\t      See project\t      <svg width=\"20\" height=\"20\">\n\t        <use xlink:href=\"#chevron-right\"><\/use>\n\t      <\/svg>\n\t    <\/span>\n\t  <\/div>\n\t<\/div>\n<\/a>\n\n<a class=\"card swiper-slide __js_zavrseno \" href=\"https:\/\/merbergroup.me\/sr\/portfolio\/item\/zafiro-becici\/\">\n\t\t<div class=\"card__image\">\n\t  <img loading=\"lazy\" decoding=\"async\" src=\"https:\/\/merbergroup.me\/wp-content\/uploads\/2021\/08\/zafiro-becici2.jpg\" width=\"430\" height=\"573\" alt=\"Zafiro Be\u010di\u0107i\" title=\"\">\n\t<\/div>\n\t\t<div class=\"card__content\">\n\t  \t  <h3 class=\"card__heading\">\n\t  \tZafiro Be\u010di\u0107i\t  <\/h3>\n\t  \t  <div class=\"card__text\">\n\t  \tProjekat \"Zafiro Be\u010di\u0107i\", zapo\u010det u aprilu 2022. godine i uspje\u0161no zavr\u0161en u julu 2023. \t  <\/div>\n\t  <div class=\"card__bottom\">\n\t    <span class=\"card__link\">\n\t      See project\t      <svg width=\"20\" height=\"20\">\n\t        <use xlink:href=\"#chevron-right\"><\/use>\n\t      <\/svg>\n\t    <\/span>\n\t  <\/div>\n\t<\/div>\n<\/a>\n\n<a class=\"card swiper-slide __js_zavrseno \" href=\"https:\/\/merbergroup.me\/sr\/portfolio\/item\/zafiro-kolasin\/\">\n\t\t<div class=\"card__image\">\n\t  <img loading=\"lazy\" decoding=\"async\" src=\"https:\/\/merbergroup.me\/wp-content\/uploads\/2021\/08\/zafiro-kolasin-8-900x558.jpg\" width=\"430\" height=\"573\" alt=\"Zafiro Kola\u0161in\" title=\"\">\n\t<\/div>\n\t\t<div class=\"card__content\">\n\t  \t  <h3 class=\"card__heading\">\n\t  \tZafiro Kola\u0161in\t  <\/h3>\n\t  \t  <div class=\"card__text\">\n\t  \tProjekat \"Zafiro Norte Spa &amp; Residence\" smje\u0161ten je na mirnoj, ali centralnoj lokaciji u gradu, na samo 50 metara od glavnog gradskog trga\t  <\/div>\n\t  <div class=\"card__bottom\">\n\t    <span class=\"card__link\">\n\t      See project\t      <svg width=\"20\" height=\"20\">\n\t        <use xlink:href=\"#chevron-right\"><\/use>\n\t      <\/svg>\n\t    <\/span>\n\t  <\/div>\n\t<\/div>\n<\/a>\t            <\/div>\n\t            <div class=\"swiper-pagination\"><\/div>\n\t          <\/div>\n\t          \t        <\/div>\n\t    <\/section>\n\n\t    \n\t\t\t\t\t\t<\/div>\n\t\t\t\t<\/div>\n\t\t\t\t\t<\/div>\n\t\t<\/div>\n\t\t\t\t\t<\/div>\n\t\t<\/section>\n\t\t\t\t<\/div>\n\t\t","protected":false},"excerpt":{"rendered":"<p>Lansirano Kotor Elysium Boka Residence Detalji projekta Nastavljamo Elysium Residences Detalji projekta Lansirano Budva Babindo Detalji projekta Prev Next 01 Kotor Elysium Boka Residence 02 Elysium Residences 03 Budva Babindo O nama Moderna arhitektura sa stilom i ambicijom Merber Group Gra\u0111evinarstvo osnovano je s ciljem da u gra\u0111evinskom sektoru realizuje&#8230; <\/p>\n<div class=\"readmore\"><a href=\"https:\/\/merbergroup.me\/sr\/portfolio\/item\/zafiro-kolasin\/\" class=\"btn-link\">Read more<\/a><\/div>\n","protected":false},"author":1,"featured_media":0,"parent":0,"menu_order":0,"comment_status":"closed","ping_status":"closed","template":"template-elementor-default.php","meta":{"_acf_changed":false,"_joinchat":[],"footnotes":""},"class_list":["post-3107","page","type-page","status-publish","hentry"],"acf":[],"_links":{"self":[{"href":"https:\/\/merbergroup.me\/sr\/wp-json\/wp\/v2\/pages\/3107","targetHints":{"allow":["GET"]}}],"collection":[{"href":"https:\/\/merbergroup.me\/sr\/wp-json\/wp\/v2\/pages"}],"about":[{"href":"https:\/\/merbergroup.me\/sr\/wp-json\/wp\/v2\/types\/page"}],"author":[{"embeddable":true,"href":"https:\/\/merbergroup.me\/sr\/wp-json\/wp\/v2\/users\/1"}],"replies":[{"embeddable":true,"href":"https:\/\/merbergroup.me\/sr\/wp-json\/wp\/v2\/comments?post=3107"}],"version-history":[{"count":19,"href":"https:\/\/merbergroup.me\/sr\/wp-json\/wp\/v2\/pages\/3107\/revisions"}],"predecessor-version":[{"id":3821,"href":"https:\/\/merbergroup.me\/sr\/wp-json\/wp\/v2\/pages\/3107\/revisions\/3821"}],"wp:attachment":[{"href":"https:\/\/merbergroup.me\/sr\/wp-json\/wp\/v2\/media?parent=3107"}],"curies":[{"name":"wp","href":"https:\/\/api.w.org\/{rel}","templated":true}]}}