{"id":3097,"date":"2021-06-27T11:03:12","date_gmt":"2021-06-27T11:03:12","guid":{"rendered":"https:\/\/merbergroup.me\/?page_id=3097"},"modified":"2024-08-20T14:29:41","modified_gmt":"2024-08-20T14:29:41","slug":"projekti","status":"publish","type":"page","link":"https:\/\/merbergroup.me\/sr\/projekti\/","title":{"rendered":"Projekti"},"content":{"rendered":"\t\t<div data-elementor-type=\"wp-page\" data-elementor-id=\"3097\" class=\"elementor elementor-3097\" data-elementor-post-type=\"page\">\n\t\t\t\t\t\t<section class=\"elementor-section elementor-top-section elementor-element elementor-element-a41e2b2 elementor-section-full_width elementor-section-height-default elementor-section-height-default\" data-id=\"a41e2b2\" data-element_type=\"section\">\n\t\t\t\t\t\t<div class=\"elementor-container elementor-column-gap-no\">\n\t\t\t\t\t<div class=\"elementor-column elementor-col-100 elementor-top-column elementor-element elementor-element-97c067e\" data-id=\"97c067e\" data-element_type=\"column\">\n\t\t\t<div class=\"elementor-widget-wrap elementor-element-populated\">\n\t\t\t\t\t\t<div class=\"elementor-element elementor-element-4f6d00e elementor-widget elementor-widget-larson-intro\" data-id=\"4f6d00e\" data-element_type=\"widget\" data-widget_type=\"larson-intro.default\">\n\t\t\t\t<div class=\"elementor-widget-container\">\n\t\t\t\t\t\n\t\t<article class=\"article\">\n\t        <header class=\"article__header\">\n\t          <div class=\"container\">\n\t            \t            <h1 class=\"article__heading heading heading--size-large\">\n\t            \t<span >\n\t\t\t\t\t\tProjekti\t\t\t\t\t<\/span>\n\t            <\/h1>\n\t            \t            \t          <\/div>\n\t        <\/header>\n\t        \t    <\/article>\n\n\t\t\t\t\t\t<\/div>\n\t\t\t\t<\/div>\n\t\t\t\t\t<\/div>\n\t\t<\/div>\n\t\t\t\t\t<\/div>\n\t\t<\/section>\n\t\t\t\t<section class=\"elementor-section elementor-top-section elementor-element elementor-element-a301033 elementor-section-full_width elementor-section-height-default elementor-section-height-default\" data-id=\"a301033\" data-element_type=\"section\">\n\t\t\t\t\t\t<div class=\"elementor-container elementor-column-gap-no\">\n\t\t\t\t\t<div class=\"elementor-column elementor-col-100 elementor-top-column elementor-element elementor-element-82b94f1\" data-id=\"82b94f1\" data-element_type=\"column\">\n\t\t\t<div class=\"elementor-widget-wrap elementor-element-populated\">\n\t\t\t\t\t\t<div class=\"elementor-element elementor-element-65ce472 elementor-widget elementor-widget-larson-portfolio\" data-id=\"65ce472\" data-element_type=\"widget\" data-widget_type=\"larson-portfolio.default\">\n\t\t\t\t<div class=\"elementor-widget-container\">\n\t\t\t\t\t\n\t\t\t\t  <!-- Filter projects-->\n          <div class=\"article__filter filter container\">\n            <button class=\"filter__item filter__item--active __js_filter-btn\" type=\"button\" data-filter=\"*\">Sve<\/button>\n                        <button class=\"filter__item __js_filter-btn\" type=\"button\" data-filter=\".__js_zavrseno\">Zavr\u0161eno<\/button>\n                        <button class=\"filter__item __js_filter-btn\" type=\"button\" data-filter=\".__js_planirano\">Planirano<\/button>\n                        <button class=\"filter__item __js_filter-btn\" type=\"button\" data-filter=\".__js_nastavljamo\">Nastavljamo<\/button>\n                        <button class=\"filter__item __js_filter-btn\" type=\"button\" data-filter=\".__js_lansirati\">Lansirati<\/button>\n                      <\/div>\n        \n\t\t<div class=\"article__main article__main--width-full container\">\n\n                    <ul class=\"projects-masonry row __js_projects-grid projects-grid-col-4\">\n          \t<li class=\"grid-sizer\"><\/li>\n          \t\n\n<li class=\"projects-masonry__item col-12 col-md-6 col-xl-3 __js_masonry-item __js_zavrseno \">\n  <a class=\"card card--small card--masonry\" href=\"https:\/\/merbergroup.me\/sr\/portfolio\/item\/sv-stefan-przno\/\">\n        <div class=\"card__image\">\n      <img decoding=\"async\" src=\"https:\/\/merbergroup.me\/wp-content\/uploads\/2021\/08\/Sv-Stefan-Przno-017-900x900.jpg\" alt=\"Sv Stefan Przno\" title=\"\">\n    <\/div>\n        <div class=\"card__content\">\n            <h3 class=\"card__heading\">\n      \tSv Stefan Przno      <\/h3>\n                  <div class=\"card__text\">\n      \tU oblasti Pr\u017eno, Budva, Crna Gora, na\u0161 projekat \"Sv. Stefan Pr\u017eno\" spaja luksuz i udobnost u jedinstvenom prirodnom okru\u017eenju s pogledom na more.       <\/div>\n            <div class=\"card__bottom\">\n        <span class=\"card__link\">\n          See project          <svg width=\"20\" height=\"20\">\n            <use xlink:href=\"#chevron-right\"><\/use>\n          <\/svg>\n        <\/span>\n      <\/div>\n    <\/div>\n  <\/a>\n<\/li>\n\n<li class=\"projects-masonry__item col-12 col-md-6 col-xl-3 __js_masonry-item __js_zavrseno \">\n  <a class=\"card card--small card--masonry\" href=\"https:\/\/merbergroup.me\/sr\/portfolio\/item\/zafiro-becici\/\">\n        <div class=\"card__image\">\n      <img decoding=\"async\" src=\"https:\/\/merbergroup.me\/wp-content\/uploads\/2021\/08\/zafiro-becici2-768x900.jpg\" alt=\"Zafiro Be\u010di\u0107i\" title=\"\">\n    <\/div>\n        <div class=\"card__content\">\n            <h3 class=\"card__heading\">\n      \tZafiro Be\u010di\u0107i      <\/h3>\n                  <div class=\"card__text\">\n      \tProjekat \"Zafiro Be\u010di\u0107i\", zapo\u010det u aprilu 2022. godine i uspje\u0161no zavr\u0161en u julu 2023.       <\/div>\n            <div class=\"card__bottom\">\n        <span class=\"card__link\">\n          See project          <svg width=\"20\" height=\"20\">\n            <use xlink:href=\"#chevron-right\"><\/use>\n          <\/svg>\n        <\/span>\n      <\/div>\n    <\/div>\n  <\/a>\n<\/li>\n\n<li class=\"projects-masonry__item col-12 col-md-6 col-xl-3 __js_masonry-item __js_nastavljamo \">\n  <a class=\"card card--small card--masonry\" href=\"https:\/\/merbergroup.me\/sr\/portfolio\/item\/budva-lazi\/\">\n        <div class=\"card__image\">\n      <img decoding=\"async\" src=\"https:\/\/merbergroup.me\/wp-content\/uploads\/2021\/08\/budva-lazi-006-900x824.jpg\" alt=\"Budva Lazi\" title=\"\">\n    <\/div>\n        <div class=\"card__content\">\n            <h3 class=\"card__heading\">\n      \tBudva Lazi      <\/h3>\n                  <div class=\"card__text\">\n      \tNovi projekat kompanije Merber Group Construction, smje\u0161ten u centru Budve, bi\u0107e zavr\u0161en u junu 2025. godine.      <\/div>\n            <div class=\"card__bottom\">\n        <span class=\"card__link\">\n          See project          <svg width=\"20\" height=\"20\">\n            <use xlink:href=\"#chevron-right\"><\/use>\n          <\/svg>\n        <\/span>\n      <\/div>\n    <\/div>\n  <\/a>\n<\/li>\n\n<li class=\"projects-masonry__item col-12 col-md-6 col-xl-3 __js_masonry-item __js_zavrseno \">\n  <a class=\"card card--small card--masonry\" href=\"https:\/\/merbergroup.me\/sr\/portfolio\/item\/zafiro-kolasin\/\">\n        <div class=\"card__image\">\n      <img decoding=\"async\" src=\"https:\/\/merbergroup.me\/wp-content\/uploads\/2021\/08\/zafiro-kolasin-8-900x900.jpg\" alt=\"Zafiro Kola\u0161in\" title=\"\">\n    <\/div>\n        <div class=\"card__content\">\n            <h3 class=\"card__heading\">\n      \tZafiro Kola\u0161in      <\/h3>\n                  <div class=\"card__text\">\n      \tProjekat \"Zafiro Norte Spa &amp; Residence\" smje\u0161ten je na mirnoj, ali centralnoj lokaciji u gradu, na samo 50 metara od glavnog gradskog trga      <\/div>\n            <div class=\"card__bottom\">\n        <span class=\"card__link\">\n          See project          <svg width=\"20\" height=\"20\">\n            <use xlink:href=\"#chevron-right\"><\/use>\n          <\/svg>\n        <\/span>\n      <\/div>\n    <\/div>\n  <\/a>\n<\/li>\n\n<li class=\"projects-masonry__item col-12 col-md-6 col-xl-3 __js_masonry-item __js_planirano \">\n  <a class=\"card card--small card--masonry\" href=\"https:\/\/merbergroup.me\/sr\/portfolio\/item\/budva-lapcici\/\">\n        <div class=\"card__image\">\n      <img decoding=\"async\" src=\"https:\/\/merbergroup.me\/wp-content\/uploads\/2021\/08\/budva-lapcici-3-900x900.jpg\" alt=\"Budva Lap\u010di\u0107i\" title=\"\">\n    <\/div>\n        <div class=\"card__content\">\n            <h3 class=\"card__heading\">\n      \tBudva Lap\u010di\u0107i      <\/h3>\n                  <div class=\"card__text\">\n      \tPredstavljamo vam na\u0161 novi luksuzni kompleks koji \u0107e se graditi na 8 hektara zemlji\u0161ta u oblasti Lap\u010di\u0107i      <\/div>\n            <div class=\"card__bottom\">\n        <span class=\"card__link\">\n          See project          <svg width=\"20\" height=\"20\">\n            <use xlink:href=\"#chevron-right\"><\/use>\n          <\/svg>\n        <\/span>\n      <\/div>\n    <\/div>\n  <\/a>\n<\/li>\n\n<li class=\"projects-masonry__item col-12 col-md-6 col-xl-3 __js_masonry-item __js_lansirati \">\n  <a class=\"card card--small card--masonry\" href=\"https:\/\/merbergroup.me\/sr\/portfolio\/item\/budva-babindo\/\">\n        <div class=\"card__image\">\n      <img decoding=\"async\" src=\"https:\/\/merbergroup.me\/wp-content\/uploads\/2025\/09\/robindo-10-900x877.jpeg\" alt=\"Budva Babindo\" title=\"\">\n    <\/div>\n        <div class=\"card__content\">\n            <h3 class=\"card__heading\">\n      \tBudva Babindo      <\/h3>\n                  <div class=\"card__text\">\n      \tNa\u0161a gradska hotelska koncepcija u centru Budve, na pje\u0161a\u010dkoj udaljenosti od Starog grada, nudi moderni i luksuzni \u017eivotni prostor sa 20 apartmana.       <\/div>\n            <div class=\"card__bottom\">\n        <span class=\"card__link\">\n          See project          <svg width=\"20\" height=\"20\">\n            <use xlink:href=\"#chevron-right\"><\/use>\n          <\/svg>\n        <\/span>\n      <\/div>\n    <\/div>\n  <\/a>\n<\/li>\n\n<li class=\"projects-masonry__item col-12 col-md-6 col-xl-3 __js_masonry-item __js_lansirati \">\n  <a class=\"card card--small card--masonry\" href=\"https:\/\/merbergroup.me\/sr\/portfolio\/item\/kotor-elysium-boka-residence\/\">\n        <div class=\"card__image\">\n      <img decoding=\"async\" src=\"https:\/\/merbergroup.me\/wp-content\/uploads\/2021\/08\/kotor2-900x900.jpeg\" alt=\"Kotor Elysium Boka Residence\" title=\"\">\n    <\/div>\n        <div class=\"card__content\">\n            <h3 class=\"card__heading\">\n      \tKotor Elysium Boka Residence      <\/h3>\n                  <div class=\"card__text\">\n      \tPredstavljamo vam na\u0161 luksuzni projekat sa panoramskim pogledom na more i infinity bazenom u oblasti Dobrota, Kotor.       <\/div>\n            <div class=\"card__bottom\">\n        <span class=\"card__link\">\n          See project          <svg width=\"20\" height=\"20\">\n            <use xlink:href=\"#chevron-right\"><\/use>\n          <\/svg>\n        <\/span>\n      <\/div>\n    <\/div>\n  <\/a>\n<\/li>\n\n<li class=\"projects-masonry__item col-12 col-md-6 col-xl-3 __js_masonry-item __js_lansirati \">\n  <a class=\"card card--small card--masonry\" href=\"https:\/\/merbergroup.me\/sr\/portfolio\/item\/elysium-residences\/\">\n        <div class=\"card__image\">\n      <img decoding=\"async\" src=\"https:\/\/merbergroup.me\/wp-content\/uploads\/2021\/08\/elysium-residences-004-900x900.jpg\" alt=\"Elys\u0131um Residences\" title=\"\">\n    <\/div>\n        <div class=\"card__content\">\n            <h3 class=\"card__heading\">\n      \tElys\u0131um Residences      <\/h3>\n                  <div class=\"card__bottom\">\n        <span class=\"card__link\">\n          See project          <svg width=\"20\" height=\"20\">\n            <use xlink:href=\"#chevron-right\"><\/use>\n          <\/svg>\n        <\/span>\n      <\/div>\n    <\/div>\n  <\/a>\n<\/li>          <\/ul>\n\n          \n        <\/div>\n\n\t\t\t\t\t\t<\/div>\n\t\t\t\t<\/div>\n\t\t\t\t\t<\/div>\n\t\t<\/div>\n\t\t\t\t\t<\/div>\n\t\t<\/section>\n\t\t\t\t<\/div>\n\t\t","protected":false},"excerpt":{"rendered":"<p>Projekti T\u00fcm\u00fc Zavr\u0161eno Planirano Nastavljamo Lansirati Sv Stefan Przno U oblasti Pr\u017eno, Budva, Crna Gora, na\u0161 projekat &#8220;Sv. Stefan Pr\u017eno&#8221; spaja luksuz i udobnost u jedinstvenom prirodnom okru\u017eenju s pogledom na more. Proje Detay\u0131 Zafiro Be\u010di\u0107i Projekat &#8220;Zafiro Be\u010di\u0107i&#8221;, zapo\u010det u aprilu 2022. godine i uspje\u0161no zavr\u0161en u julu 2023&#8230;. <\/p>\n<div class=\"readmore\"><a href=\"https:\/\/merbergroup.me\/sr\/portfolio\/item\/elysium-residences\/\" class=\"btn-link\">Read more<\/a><\/div>\n","protected":false},"author":1,"featured_media":0,"parent":0,"menu_order":0,"comment_status":"closed","ping_status":"closed","template":"template-elementor-default.php","meta":{"_acf_changed":false,"_joinchat":[],"footnotes":""},"class_list":["post-3097","page","type-page","status-publish","hentry"],"acf":[],"_links":{"self":[{"href":"https:\/\/merbergroup.me\/sr\/wp-json\/wp\/v2\/pages\/3097","targetHints":{"allow":["GET"]}}],"collection":[{"href":"https:\/\/merbergroup.me\/sr\/wp-json\/wp\/v2\/pages"}],"about":[{"href":"https:\/\/merbergroup.me\/sr\/wp-json\/wp\/v2\/types\/page"}],"author":[{"embeddable":true,"href":"https:\/\/merbergroup.me\/sr\/wp-json\/wp\/v2\/users\/1"}],"replies":[{"embeddable":true,"href":"https:\/\/merbergroup.me\/sr\/wp-json\/wp\/v2\/comments?post=3097"}],"version-history":[{"count":4,"href":"https:\/\/merbergroup.me\/sr\/wp-json\/wp\/v2\/pages\/3097\/revisions"}],"predecessor-version":[{"id":3101,"href":"https:\/\/merbergroup.me\/sr\/wp-json\/wp\/v2\/pages\/3097\/revisions\/3101"}],"wp:attachment":[{"href":"https:\/\/merbergroup.me\/sr\/wp-json\/wp\/v2\/media?parent=3097"}],"curies":[{"name":"wp","href":"https:\/\/api.w.org\/{rel}","templated":true}]}}