{"id":3087,"date":"2021-06-14T21:16:10","date_gmt":"2021-06-14T21:16:10","guid":{"rendered":"https:\/\/merbergroup.me\/?page_id=3087"},"modified":"2024-08-20T14:24:49","modified_gmt":"2024-08-20T14:24:49","slug":"o-nama","status":"publish","type":"page","link":"https:\/\/merbergroup.me\/sr\/o-nama\/","title":{"rendered":"O Nama"},"content":{"rendered":"\t\t<div data-elementor-type=\"wp-page\" data-elementor-id=\"3087\" class=\"elementor elementor-3087\" data-elementor-post-type=\"page\">\n\t\t\t\t\t\t<section class=\"elementor-section elementor-top-section elementor-element elementor-element-a41e2b2 elementor-section-full_width elementor-section-height-default elementor-section-height-default\" data-id=\"a41e2b2\" data-element_type=\"section\">\n\t\t\t\t\t\t<div class=\"elementor-container elementor-column-gap-no\">\n\t\t\t\t\t<div class=\"elementor-column elementor-col-100 elementor-top-column elementor-element elementor-element-97c067e\" data-id=\"97c067e\" data-element_type=\"column\">\n\t\t\t<div class=\"elementor-widget-wrap elementor-element-populated\">\n\t\t\t\t\t\t<div class=\"elementor-element elementor-element-4f6d00e elementor-widget elementor-widget-larson-intro\" data-id=\"4f6d00e\" data-element_type=\"widget\" data-widget_type=\"larson-intro.default\">\n\t\t\t\t<div class=\"elementor-widget-container\">\n\t\t\t\t\t\n\t\t<article class=\"article\">\n\t        <header class=\"article__header\">\n\t          <div class=\"container\">\n\t            \t            <h1 class=\"article__heading heading heading--size-large\">\n\t            \t<span >\n\t\t\t\t\t\tIme povezano sa <br><span class=\"color-yellow\">kvalitetom i <\/span>povjerenjem\t\t\t\t\t<\/span>\n\t            <\/h1>\n\t            \t            \t          <\/div>\n\t        <\/header>\n\t        \t        <div class=\"article__about-hero container\">\n\t          <img decoding=\"async\" src=\"https:\/\/merbergroup.me\/wp-content\/uploads\/2024\/07\/about.webp\" alt=\"Karada\u011f Yat\u0131r\u0131m\" title=\"\">\n\t        <\/div>\n\t        \t    <\/article>\n\n\t\t\t\t\t\t<\/div>\n\t\t\t\t<\/div>\n\t\t\t\t\t<\/div>\n\t\t<\/div>\n\t\t\t\t\t<\/div>\n\t\t<\/section>\n\t\t\t\t<section class=\"elementor-section elementor-top-section elementor-element elementor-element-4c57874 elementor-section-full_width elementor-section-height-default elementor-section-height-default\" data-id=\"4c57874\" data-element_type=\"section\">\n\t\t\t\t\t\t<div class=\"elementor-container elementor-column-gap-no\">\n\t\t\t\t\t<div class=\"elementor-column elementor-col-100 elementor-top-column elementor-element elementor-element-362f2fe\" data-id=\"362f2fe\" data-element_type=\"column\">\n\t\t\t<div class=\"elementor-widget-wrap elementor-element-populated\">\n\t\t\t\t\t\t<div class=\"elementor-element elementor-element-fae3345 elementor-widget elementor-widget-larson-about-description\" data-id=\"fae3345\" data-element_type=\"widget\" data-widget_type=\"larson-about-description.default\">\n\t\t\t\t<div class=\"elementor-widget-container\">\n\t\t\t\t\t\n\t\t<section class=\"webpage__about-block about-block about-block--columns\">\n          <div class=\"about-block__inner container\">\n                        <header class=\"about-block__header\" data-aos=\"fade\">\n              <h2 class=\"about-block__heading heading\">\n              \t<span >\n\t\t\t\t\tO Merber Group-u\t\t\t\t<\/span>\n              <\/h2>\n            <\/header>\n                                    <div class=\"about-block__main\">\n                            <div class=\"about-block__text\" data-aos=\"fade\">\n                <div >\n\t\t\t\t\t<p>Merber Group Gra\u0111evinarstvo je osnovano s ciljem realizacije inovativnih i kvalitetnih projekata u gra\u0111evinskom sektoru.<\/p><p>Na\u0161a kompanija, koja od 2018. godine posluje u Crnoj Gori, uspje\u0161no pru\u017ea usluge svojim klijentima kroz projekte tipa \"izgradi i prodaj\".<\/p><p>Gra\u0111evinska firma koja se razvija zahvaljuju\u0107i zadovoljstvu klijenata, nastavlja sa svojim projektima i planira investicije u Crnoj Gori, zemlji koja je u procesu pristupanja Evropskoj uniji, do 2035. godine.<\/p><p>Od osnivanja, zauzeli smo pouzdano i ugledno mjesto u industriji zahvaljuju\u0107i na\u0161im projektima koji kombinuju kvalitet i kvantitet, s naglaskom na estetiku.<\/p><p>Uvijek stavljamo zadovoljstvo klijenata na prvo mjesto, stvaraju\u0107i moderne \u017eivotne prostore i komercijalne projekte sa visokom investicionom vrijedno\u0161\u0107u.<\/p><p>Sa na\u0161im iskusnim i vizionarskim timom, koji djeluje s misijom stvaranja koristi za ljude na svakom koraku, spajamo visoke standarde kvaliteta i estetiku.<\/p><p>Sigurnim koracima nastavljamo prema na\u0161em cilju da postanemo jedan od turskih brendova koji izlaze na globalno tr\u017ei\u0161te.<\/p>\t\t\t\t<\/div>\n              <\/div>\n                                          <blockquote class=\"about-block__quote\" data-aos=\"fade\">\n              \t<span >\n\t\t\t\t\tZahvaljuju\u0107i na\u0161im visokim standardima kvaliteta, estetskim dizajnima i pa\u017enji koju posve\u0107ujemo zadovoljstvu klijenata, sna\u017eno nastavljamo svoje prisustvo u industriji.\n\t\t\t\t<\/span>\n\t\t\t\t<span class=\"sep\"><svg viewBox='0 0 83 62' fill='none' xmlns='http:\/\/www.w3.org\/2000\/svg'><path d='M18.6.2c6.267 0 11 2.267 14.2 6.8 3.333 4.4 5 9.667 5 15.8 0 8.267-2.467 15.933-7.4 23-4.8 7.067-10.867 12.333-18.2 15.8L.4 52.2c5.333-2.133 10-5.067 14-8.8 4-3.867 6.733-7.867 8.2-12l-1-.6c-.667.533-1.467.933-2.4 1.2-.933.267-2.267.4-4 .4-3.067 0-6.2-1.2-9.4-3.6-3.067-2.533-4.6-6.333-4.6-11.4 0-5.333 1.733-9.533 5.2-12.6S13.933.2 18.6.2zm44.8 0c6.267 0 11 2.267 14.2 6.8 3.333 4.4 5 9.667 5 15.8 0 8.267-2.467 15.933-7.4 23-4.8 7.067-10.867 12.333-18.2 15.8l-11.8-9.4c5.333-2.133 10-5.067 14-8.8 4-3.867 6.733-7.867 8.2-12l-1-.6c-.667.533-1.467.933-2.4 1.2-.933.267-2.267.4-4 .4-3.067 0-6.2-1.2-9.4-3.6-3.067-2.533-4.6-6.333-4.6-11.4 0-5.333 1.733-9.533 5.2-12.6S58.733.2 63.4.2z' fill='#ffb74d'\/><\/svg><\/span>\n              <\/blockquote>\n                          <\/div>\n                      <\/div>\n        <\/section>\n\n\t\t\t\t\t\t<\/div>\n\t\t\t\t<\/div>\n\t\t\t\t\t<\/div>\n\t\t<\/div>\n\t\t\t\t\t<\/div>\n\t\t<\/section>\n\t\t\t\t<\/div>\n\t\t","protected":false},"excerpt":{"rendered":"<p>Ime povezano sa kvalitetom i povjerenjem O Merber Group-u Merber Group Gra\u0111evinarstvo je osnovano s ciljem realizacije inovativnih i kvalitetnih projekata u gra\u0111evinskom sektoru. Na\u0161a kompanija, koja od 2018. godine posluje u Crnoj Gori, uspje\u0161no pru\u017ea usluge svojim klijentima kroz projekte tipa &#8220;izgradi i prodaj&#8221;. Gra\u0111evinska firma koja se razvija&#8230; <\/p>\n<div class=\"readmore\"><a href=\"https:\/\/merbergroup.me\/sr\/o-nama\/\" class=\"btn-link\">Read more<\/a><\/div>\n","protected":false},"author":1,"featured_media":0,"parent":0,"menu_order":0,"comment_status":"closed","ping_status":"closed","template":"template-elementor-default.php","meta":{"_acf_changed":false,"_joinchat":[],"footnotes":""},"class_list":["post-3087","page","type-page","status-publish","hentry"],"acf":[],"_links":{"self":[{"href":"https:\/\/merbergroup.me\/sr\/wp-json\/wp\/v2\/pages\/3087","targetHints":{"allow":["GET"]}}],"collection":[{"href":"https:\/\/merbergroup.me\/sr\/wp-json\/wp\/v2\/pages"}],"about":[{"href":"https:\/\/merbergroup.me\/sr\/wp-json\/wp\/v2\/types\/page"}],"author":[{"embeddable":true,"href":"https:\/\/merbergroup.me\/sr\/wp-json\/wp\/v2\/users\/1"}],"replies":[{"embeddable":true,"href":"https:\/\/merbergroup.me\/sr\/wp-json\/wp\/v2\/comments?post=3087"}],"version-history":[{"count":4,"href":"https:\/\/merbergroup.me\/sr\/wp-json\/wp\/v2\/pages\/3087\/revisions"}],"predecessor-version":[{"id":3091,"href":"https:\/\/merbergroup.me\/sr\/wp-json\/wp\/v2\/pages\/3087\/revisions\/3091"}],"wp:attachment":[{"href":"https:\/\/merbergroup.me\/sr\/wp-json\/wp\/v2\/media?parent=3087"}],"curies":[{"name":"wp","href":"https:\/\/api.w.org\/{rel}","templated":true}]}}