{"id":2682,"date":"2021-06-14T21:16:10","date_gmt":"2021-06-14T21:16:10","guid":{"rendered":"https:\/\/merbergroup.me\/?page_id=2682"},"modified":"2024-08-20T10:39:10","modified_gmt":"2024-08-20T10:39:10","slug":"%d0%be-%d0%bd%d0%b0%d1%81","status":"publish","type":"page","link":"https:\/\/merbergroup.me\/ru\/%d0%be-%d0%bd%d0%b0%d1%81\/","title":{"rendered":"\u041e \u041d\u0410\u0421"},"content":{"rendered":"\t\t<div data-elementor-type=\"wp-page\" data-elementor-id=\"2682\" class=\"elementor elementor-2682\" data-elementor-post-type=\"page\">\n\t\t\t\t\t\t<section class=\"elementor-section elementor-top-section elementor-element elementor-element-a41e2b2 elementor-section-full_width elementor-section-height-default elementor-section-height-default\" data-id=\"a41e2b2\" data-element_type=\"section\">\n\t\t\t\t\t\t<div class=\"elementor-container elementor-column-gap-no\">\n\t\t\t\t\t<div class=\"elementor-column elementor-col-100 elementor-top-column elementor-element elementor-element-97c067e\" data-id=\"97c067e\" data-element_type=\"column\">\n\t\t\t<div class=\"elementor-widget-wrap elementor-element-populated\">\n\t\t\t\t\t\t<div class=\"elementor-element elementor-element-4f6d00e elementor-widget elementor-widget-larson-intro\" data-id=\"4f6d00e\" data-element_type=\"widget\" data-widget_type=\"larson-intro.default\">\n\t\t\t\t<div class=\"elementor-widget-container\">\n\t\t\t\t\t\n\t\t<article class=\"article\">\n\t        <header class=\"article__header\">\n\t          <div class=\"container\">\n\t            \t            <h1 class=\"article__heading heading heading--size-large\">\n\t            \t<span >\n\t\t\t\t\t\t \u0418\u043c\u044f, \u0441\u0432\u044f\u0437\u0430\u043d\u043d\u043e\u0435 \u0441 <br><span class=\"color-yellow\">\u043a\u0430\u0447\u0435\u0441\u0442\u0432\u043e\u043c \u0438 <\/span>\u0434\u043e\u0432\u0435\u0440\u0438\u0435\u043c\t\t\t\t\t<\/span>\n\t            <\/h1>\n\t            \t            \t          <\/div>\n\t        <\/header>\n\t        \t        <div class=\"article__about-hero container\">\n\t          <img decoding=\"async\" src=\"https:\/\/merbergroup.me\/wp-content\/uploads\/2024\/07\/about.webp\" alt=\"Karada\u011f Yat\u0131r\u0131m\" title=\"\">\n\t        <\/div>\n\t        \t    <\/article>\n\n\t\t\t\t\t\t<\/div>\n\t\t\t\t<\/div>\n\t\t\t\t\t<\/div>\n\t\t<\/div>\n\t\t\t\t\t<\/div>\n\t\t<\/section>\n\t\t\t\t<section class=\"elementor-section elementor-top-section elementor-element elementor-element-4c57874 elementor-section-full_width elementor-section-height-default elementor-section-height-default\" data-id=\"4c57874\" data-element_type=\"section\">\n\t\t\t\t\t\t<div class=\"elementor-container elementor-column-gap-no\">\n\t\t\t\t\t<div class=\"elementor-column elementor-col-100 elementor-top-column elementor-element elementor-element-362f2fe\" data-id=\"362f2fe\" data-element_type=\"column\">\n\t\t\t<div class=\"elementor-widget-wrap elementor-element-populated\">\n\t\t\t\t\t\t<div class=\"elementor-element elementor-element-fae3345 elementor-widget elementor-widget-larson-about-description\" data-id=\"fae3345\" data-element_type=\"widget\" data-widget_type=\"larson-about-description.default\">\n\t\t\t\t<div class=\"elementor-widget-container\">\n\t\t\t\t\t\n\t\t<section class=\"webpage__about-block about-block about-block--columns\">\n          <div class=\"about-block__inner container\">\n                        <header class=\"about-block__header\" data-aos=\"fade\">\n              <h2 class=\"about-block__heading heading\">\n              \t<span >\n\t\t\t\t\t\u041e \u043a\u043e\u043c\u043f\u0430\u043d\u0438\u0438 Merber Group\t\t\t\t<\/span>\n              <\/h2>\n            <\/header>\n                                    <div class=\"about-block__main\">\n                            <div class=\"about-block__text\" data-aos=\"fade\">\n                <div >\n\t\t\t\t\t<p>\u00a0<\/p><p><strong>\"\u041d\u0430\u0448\u0430 \u043a\u043e\u043c\u043f\u0430\u043d\u0438\u044f, \u0440\u0430\u0431\u043e\u0442\u0430\u044e\u0449\u0430\u044f \u0432 \u0427\u0435\u0440\u043d\u043e\u0433\u043e\u0440\u0438\u0438 \u0441 2018 \u0433\u043e\u0434\u0430, \u0443\u0441\u043f\u0435\u0448\u043d\u043e \u043f\u0440\u0435\u0434\u043e\u0441\u0442\u0430\u0432\u043b\u044f\u0435\u0442 \u0441\u0432\u043e\u0438\u043c \u043a\u043b\u0438\u0435\u043d\u0442\u0430\u043c \u0443\u0441\u043b\u0443\u0433\u0438 \u0447\u0435\u0440\u0435\u0437 \u043f\u0440\u043e\u0435\u043a\u0442\u044b \u0442\u0438\u043f\u0430 \"\u043f\u043e\u0441\u0442\u0440\u043e\u0439 \u0438 \u043f\u0440\u043e\u0434\u0430\u0439\".<\/strong><\/p><p>\u041d\u0430\u0448\u0430 \u0441\u0442\u0440\u043e\u0438\u0442\u0435\u043b\u044c\u043d\u0430\u044f \u043a\u043e\u043c\u043f\u0430\u043d\u0438\u044f, \u0440\u0430\u0441\u0442\u0443\u0449\u0430\u044f \u0431\u043b\u0430\u0433\u043e\u0434\u0430\u0440\u044f \u0443\u0434\u043e\u0432\u043b\u0435\u0442\u0432\u043e\u0440\u0435\u043d\u043d\u043e\u0441\u0442\u0438 \u043a\u043b\u0438\u0435\u043d\u0442\u043e\u0432, \u043f\u0440\u043e\u0434\u043e\u043b\u0436\u0430\u0435\u0442 \u0441\u0432\u043e\u0438 \u043f\u0440\u043e\u0435\u043a\u0442\u044b \u0438 \u043f\u043b\u0430\u043d\u0438\u0440\u0443\u0435\u0442 \u0438\u043d\u0432\u0435\u0441\u0442\u0438\u0446\u0438\u0438 \u0432 \u0427\u0435\u0440\u043d\u043e\u0433\u043e\u0440\u0438\u0438, \u0441\u0442\u0440\u0430\u043d\u0435, \u043d\u0430\u0445\u043e\u0434\u044f\u0449\u0435\u0439\u0441\u044f \u0432 \u043f\u0440\u043e\u0446\u0435\u0441\u0441\u0435 \u043f\u0440\u0438\u0441\u043e\u0435\u0434\u0438\u043d\u0435\u043d\u0438\u044f \u043a \u0415\u0432\u0440\u043e\u043f\u0435\u0439\u0441\u043a\u043e\u043c\u0443 \u0421\u043e\u044e\u0437\u0443, \u0434\u043e 2035 \u0433\u043e\u0434\u0430.<\/p><p>\u0421 \u043c\u043e\u043c\u0435\u043d\u0442\u0430 \u043e\u0441\u043d\u043e\u0432\u0430\u043d\u0438\u044f, \u043c\u044b \u0437\u0430\u043d\u044f\u043b\u0438 \u043d\u0430\u0434\u0435\u0436\u043d\u043e\u0435 \u0438 \u0443\u0432\u0430\u0436\u0430\u0435\u043c\u043e\u0435 \u043c\u0435\u0441\u0442\u043e \u0432 \u043e\u0442\u0440\u0430\u0441\u043b\u0438 \u0431\u043b\u0430\u0433\u043e\u0434\u0430\u0440\u044f \u043d\u0430\u0448\u0438\u043c \u043f\u0440\u043e\u0435\u043a\u0442\u0430\u043c, \u043a\u043e\u0442\u043e\u0440\u044b\u0435 \u043e\u0431\u044a\u0435\u0434\u0438\u043d\u044f\u044e\u0442 \u043a\u0430\u0447\u0435\u0441\u0442\u0432\u043e \u0438 \u043a\u043e\u043b\u0438\u0447\u0435\u0441\u0442\u0432\u043e, \u0441 \u044d\u0441\u0442\u0435\u0442\u0438\u0447\u0435\u0441\u043a\u0438\u043c \u043f\u043e\u0434\u0445\u043e\u0434\u043e\u043c.<\/p><p>\u041c\u044b \u0432\u0441\u0435\u0433\u0434\u0430 \u0441\u0442\u0430\u0432\u0438\u043c \u0443\u0434\u043e\u0432\u043b\u0435\u0442\u0432\u043e\u0440\u0435\u043d\u0438\u0435 \u043a\u043b\u0438\u0435\u043d\u0442\u043e\u0432 \u043d\u0430 \u043f\u0435\u0440\u0432\u043e\u0435 \u043c\u0435\u0441\u0442\u043e, \u0441\u043e\u0437\u0434\u0430\u0432\u0430\u044f \u0441\u043e\u0432\u0440\u0435\u043c\u0435\u043d\u043d\u044b\u0435 \u0436\u0438\u043b\u044b\u0435 \u043f\u0440\u043e\u0441\u0442\u0440\u0430\u043d\u0441\u0442\u0432\u0430 \u0438 \u043a\u043e\u043c\u043c\u0435\u0440\u0447\u0435\u0441\u043a\u0438\u0435 \u043f\u0440\u043e\u0435\u043a\u0442\u044b \u0441 \u0432\u044b\u0441\u043e\u043a\u043e\u0439 \u0438\u043d\u0432\u0435\u0441\u0442\u0438\u0446\u0438\u043e\u043d\u043d\u043e\u0439 \u0446\u0435\u043d\u043d\u043e\u0441\u0442\u044c\u044e.<\/p><p>\u041c\u044b \u043e\u0431\u044a\u0435\u0434\u0438\u043d\u044f\u0435\u043c \u0432\u044b\u0441\u043e\u043a\u0438\u0435 \u0441\u0442\u0430\u043d\u0434\u0430\u0440\u0442\u044b \u043a\u0430\u0447\u0435\u0441\u0442\u0432\u0430 \u0438 \u044d\u0441\u0442\u0435\u0442\u0438\u043a\u0443 \u0441 \u043d\u0430\u0448\u0435\u0439 \u043e\u043f\u044b\u0442\u043d\u043e\u0439 \u0438 \u0432\u0438\u0437\u0438\u043e\u043d\u0435\u0440\u0441\u043a\u043e\u0439 \u043a\u043e\u043c\u0430\u043d\u0434\u043e\u0439, \u043a\u043e\u0442\u043e\u0440\u0430\u044f \u043d\u0430 \u043a\u0430\u0436\u0434\u043e\u043c \u0448\u0430\u0433\u0443 \u0434\u0435\u0439\u0441\u0442\u0432\u0443\u0435\u0442 \u0441 \u043c\u0438\u0441\u0441\u0438\u0435\u0439 \u0441\u043e\u0437\u0434\u0430\u0432\u0430\u0442\u044c \u043f\u043e\u043b\u044c\u0437\u0443 \u0434\u043b\u044f \u043b\u044e\u0434\u0435\u0439.<\/p><p>\u041c\u044b \u0443\u0432\u0435\u0440\u0435\u043d\u043d\u043e \u043f\u0440\u043e\u0434\u043e\u043b\u0436\u0430\u0435\u043c \u0438\u0434\u0442\u0438 \u043a \u043d\u0430\u0448\u0435\u0439 \u0446\u0435\u043b\u0438 \u0441\u0442\u0430\u0442\u044c \u043e\u0434\u043d\u0438\u043c \u0438\u0437 \u0442\u0443\u0440\u0435\u0446\u043a\u0438\u0445 \u0431\u0440\u0435\u043d\u0434\u043e\u0432, \u0432\u044b\u0445\u043e\u0434\u044f\u0449\u0438\u0445 \u043d\u0430 \u043c\u0438\u0440\u043e\u0432\u043e\u0439 \u0440\u044b\u043d\u043e\u043a.<\/p>\t\t\t\t<\/div>\n              <\/div>\n                                          <blockquote class=\"about-block__quote\" data-aos=\"fade\">\n              \t<span >\n\t\t\t\t\t\u0411\u043b\u0430\u0433\u043e\u0434\u0430\u0440\u044f \u043d\u0430\u0448\u0438\u043c \u0432\u044b\u0441\u043e\u043a\u0438\u043c \u0441\u0442\u0430\u043d\u0434\u0430\u0440\u0442\u0430\u043c \u043a\u0430\u0447\u0435\u0441\u0442\u0432\u0430, \u044d\u0441\u0442\u0435\u0442\u0438\u0447\u0435\u0441\u043a\u0438\u043c \u0434\u0438\u0437\u0430\u0439\u043d\u0430\u043c \u0438 \u0432\u043d\u0438\u043c\u0430\u043d\u0438\u044e \u043a \u0443\u0434\u043e\u0432\u043b\u0435\u0442\u0432\u043e\u0440\u0435\u043d\u0438\u044e \u043a\u043b\u0438\u0435\u043d\u0442\u043e\u0432, \u043c\u044b \u0443\u0432\u0435\u0440\u0435\u043d\u043d\u043e \u043f\u0440\u043e\u0434\u043e\u043b\u0436\u0430\u0435\u043c \u0441\u0432\u043e\u0451 \u043f\u0440\u0438\u0441\u0443\u0442\u0441\u0442\u0432\u0438\u0435 \u0432 \u043e\u0442\u0440\u0430\u0441\u043b\u0438.\n\t\t\t\t<\/span>\n\t\t\t\t<span class=\"sep\"><svg viewBox='0 0 83 62' fill='none' xmlns='http:\/\/www.w3.org\/2000\/svg'><path d='M18.6.2c6.267 0 11 2.267 14.2 6.8 3.333 4.4 5 9.667 5 15.8 0 8.267-2.467 15.933-7.4 23-4.8 7.067-10.867 12.333-18.2 15.8L.4 52.2c5.333-2.133 10-5.067 14-8.8 4-3.867 6.733-7.867 8.2-12l-1-.6c-.667.533-1.467.933-2.4 1.2-.933.267-2.267.4-4 .4-3.067 0-6.2-1.2-9.4-3.6-3.067-2.533-4.6-6.333-4.6-11.4 0-5.333 1.733-9.533 5.2-12.6S13.933.2 18.6.2zm44.8 0c6.267 0 11 2.267 14.2 6.8 3.333 4.4 5 9.667 5 15.8 0 8.267-2.467 15.933-7.4 23-4.8 7.067-10.867 12.333-18.2 15.8l-11.8-9.4c5.333-2.133 10-5.067 14-8.8 4-3.867 6.733-7.867 8.2-12l-1-.6c-.667.533-1.467.933-2.4 1.2-.933.267-2.267.4-4 .4-3.067 0-6.2-1.2-9.4-3.6-3.067-2.533-4.6-6.333-4.6-11.4 0-5.333 1.733-9.533 5.2-12.6S58.733.2 63.4.2z' fill='#ffb74d'\/><\/svg><\/span>\n              <\/blockquote>\n                          <\/div>\n                      <\/div>\n        <\/section>\n\n\t\t\t\t\t\t<\/div>\n\t\t\t\t<\/div>\n\t\t\t\t\t<\/div>\n\t\t<\/div>\n\t\t\t\t\t<\/div>\n\t\t<\/section>\n\t\t\t\t<\/div>\n\t\t","protected":false},"excerpt":{"rendered":"<p>\u0418\u043c\u044f, \u0441\u0432\u044f\u0437\u0430\u043d\u043d\u043e\u0435 \u0441 \u043a\u0430\u0447\u0435\u0441\u0442\u0432\u043e\u043c \u0438 \u0434\u043e\u0432\u0435\u0440\u0438\u0435\u043c \u041e \u043a\u043e\u043c\u043f\u0430\u043d\u0438\u0438 Merber Group \u00a0 &#8220;\u041d\u0430\u0448\u0430 \u043a\u043e\u043c\u043f\u0430\u043d\u0438\u044f, \u0440\u0430\u0431\u043e\u0442\u0430\u044e\u0449\u0430\u044f \u0432 \u0427\u0435\u0440\u043d\u043e\u0433\u043e\u0440\u0438\u0438 \u0441 2018 \u0433\u043e\u0434\u0430, \u0443\u0441\u043f\u0435\u0448\u043d\u043e \u043f\u0440\u0435\u0434\u043e\u0441\u0442\u0430\u0432\u043b\u044f\u0435\u0442 \u0441\u0432\u043e\u0438\u043c \u043a\u043b\u0438\u0435\u043d\u0442\u0430\u043c \u0443\u0441\u043b\u0443\u0433\u0438 \u0447\u0435\u0440\u0435\u0437 \u043f\u0440\u043e\u0435\u043a\u0442\u044b \u0442\u0438\u043f\u0430 &#8220;\u043f\u043e\u0441\u0442\u0440\u043e\u0439 \u0438 \u043f\u0440\u043e\u0434\u0430\u0439&#8221;. \u041d\u0430\u0448\u0430 \u0441\u0442\u0440\u043e\u0438\u0442\u0435\u043b\u044c\u043d\u0430\u044f \u043a\u043e\u043c\u043f\u0430\u043d\u0438\u044f, \u0440\u0430\u0441\u0442\u0443\u0449\u0430\u044f \u0431\u043b\u0430\u0433\u043e\u0434\u0430\u0440\u044f \u0443\u0434\u043e\u0432\u043b\u0435\u0442\u0432\u043e\u0440\u0435\u043d\u043d\u043e\u0441\u0442\u0438 \u043a\u043b\u0438\u0435\u043d\u0442\u043e\u0432, \u043f\u0440\u043e\u0434\u043e\u043b\u0436\u0430\u0435\u0442 \u0441\u0432\u043e\u0438 \u043f\u0440\u043e\u0435\u043a\u0442\u044b \u0438 \u043f\u043b\u0430\u043d\u0438\u0440\u0443\u0435\u0442 \u0438\u043d\u0432\u0435\u0441\u0442\u0438\u0446\u0438\u0438 \u0432 \u0427\u0435\u0440\u043d\u043e\u0433\u043e\u0440\u0438\u0438, \u0441\u0442\u0440\u0430\u043d\u0435, \u043d\u0430\u0445\u043e\u0434\u044f\u0449\u0435\u0439\u0441\u044f \u0432 \u043f\u0440\u043e\u0446\u0435\u0441\u0441\u0435 \u043f\u0440\u0438\u0441\u043e\u0435\u0434\u0438\u043d\u0435\u043d\u0438\u044f&#8230; <\/p>\n<div class=\"readmore\"><a href=\"https:\/\/merbergroup.me\/ru\/%d0%be-%d0%bd%d0%b0%d1%81\/\" class=\"btn-link\">Read more<\/a><\/div>\n","protected":false},"author":1,"featured_media":0,"parent":0,"menu_order":0,"comment_status":"closed","ping_status":"closed","template":"template-elementor-default.php","meta":{"_acf_changed":false,"_joinchat":[],"footnotes":""},"class_list":["post-2682","page","type-page","status-publish","hentry"],"acf":[],"_links":{"self":[{"href":"https:\/\/merbergroup.me\/ru\/wp-json\/wp\/v2\/pages\/2682","targetHints":{"allow":["GET"]}}],"collection":[{"href":"https:\/\/merbergroup.me\/ru\/wp-json\/wp\/v2\/pages"}],"about":[{"href":"https:\/\/merbergroup.me\/ru\/wp-json\/wp\/v2\/types\/page"}],"author":[{"embeddable":true,"href":"https:\/\/merbergroup.me\/ru\/wp-json\/wp\/v2\/users\/1"}],"replies":[{"embeddable":true,"href":"https:\/\/merbergroup.me\/ru\/wp-json\/wp\/v2\/comments?post=2682"}],"version-history":[{"count":4,"href":"https:\/\/merbergroup.me\/ru\/wp-json\/wp\/v2\/pages\/2682\/revisions"}],"predecessor-version":[{"id":2686,"href":"https:\/\/merbergroup.me\/ru\/wp-json\/wp\/v2\/pages\/2682\/revisions\/2686"}],"wp:attachment":[{"href":"https:\/\/merbergroup.me\/ru\/wp-json\/wp\/v2\/media?parent=2682"}],"curies":[{"name":"wp","href":"https:\/\/api.w.org\/{rel}","templated":true}]}}