{"id":3376,"date":"2024-12-05T15:18:33","date_gmt":"2024-12-05T15:18:33","guid":{"rendered":"https:\/\/merbergroup.me\/?page_id=3376"},"modified":"2024-12-05T15:45:16","modified_gmt":"2024-12-05T15:45:16","slug":"karadag-yatirim","status":"publish","type":"page","link":"https:\/\/merbergroup.me\/en\/karadag-yatirim\/","title":{"rendered":"Karada\u011f Yat\u0131r\u0131m"},"content":{"rendered":"<h3 data-id=\"dqa09iblvun9\" data-pm-slice=\"1 1 []\">Merber Group: Karada\u011f\u2019da Yat\u0131r\u0131m F\u0131rsatlar\u0131 ve Gayrimenkul Sahipli\u011fi<\/h3>\n<p data-id=\"6rjhshblvunb\"><b>Merber Group Hakk\u0131nda<\/b><\/p>\n<p data-id=\"1oufm4blvun9\">Merber Group, in\u015faat ve yap\u0131 sekt\u00f6r\u00fcnde uzun y\u0131llara dayanan deneyimiyle bilinen bir firmad\u0131r. Kaliteden \u00f6d\u00fcn vermeyen yakla\u015f\u0131m\u0131, yenilik\u00e7i projeleri ve m\u00fc\u015fteri memnuniyetine verdi\u011fi \u00f6nem ile sekt\u00f6rde kendine sa\u011flam bir yer edinmi\u015ftir. Karada\u011f\u2019\u0131n b\u00fcy\u00fcyen gayrimenkul pazar\u0131nda yat\u0131r\u0131m yapmak isteyenler i\u00e7in Merber Group, g\u00fcvenilir bir i\u015f orta\u011f\u0131 olarak \u00f6ne \u00e7\u0131kmaktad\u0131r. Karada\u011f\u2019\u0131n do\u011fal g\u00fczellikleri, stratejik lokasyonu ve uygun ya\u015fam ko\u015fullar\u0131, bu \u00fclkede gayrimenkul edinmeyi cazip k\u0131lmaktad\u0131r.<\/p>\n<p data-id=\"09o063blvunb\"><b>Karada\u011f\u2019da Yat\u0131r\u0131m Yapman\u0131n Avantajlar\u0131<\/b><\/p>\n<figure id=\"attachment_3359\" aria-describedby=\"caption-attachment-3359\" style=\"width: 1344px\" class=\"wp-caption alignnone\"><img fetchpriority=\"high\" decoding=\"async\" class=\"size-full wp-image-3359\" src=\"https:\/\/merbergroup.me\/wp-content\/uploads\/2024\/12\/19397622980d1.png\" alt=\"Karada\u011f Yat\u0131r\u0131m\" width=\"1344\" height=\"768\" title=\"\" srcset=\"https:\/\/merbergroup.me\/wp-content\/uploads\/2024\/12\/19397622980d1.png 1344w, https:\/\/merbergroup.me\/wp-content\/uploads\/2024\/12\/19397622980d1-900x514.png 900w\" sizes=\"(max-width: 1344px) 100vw, 1344px\" \/><figcaption id=\"caption-attachment-3359\" class=\"wp-caption-text\">karada\u011f yat\u0131r\u0131m<\/figcaption><\/figure>\n<ol start=\"1\" data-id=\"r50h4eblvun9\">\n<li>\n<p data-id=\"ph60gqblvun9\"><b>Stratejik Konum<\/b>: Karada\u011f, Balkanlar\u2019da yer alan stratejik bir lokasyona sahiptir. Adriyatik Denizi\u2019ne k\u0131y\u0131s\u0131 olan Karada\u011f, ayn\u0131 zamanda Avrupa\u2019n\u0131n \u00e7e\u015fitli \u015fehirlerine yak\u0131nl\u0131\u011f\u0131 ile dikkat \u00e7ekmektedir.<\/p>\n<\/li>\n<\/ol>\n<ol start=\"2\" data-id=\"1q533hblvun9\">\n<li>\n<p data-id=\"3n6tnkblvun9\"><b>B\u00fcy\u00fcyen Ekonomi<\/b>: Karada\u011f, son y\u0131llarda h\u0131zla geli\u015fen bir ekonomiye sahiptir. Turizm, in\u015faat ve enerji sekt\u00f6rlerinde yap\u0131lan yat\u0131r\u0131mlar bu \u00fclkede ekonomik b\u00fcy\u00fcmeyi desteklemektedir. H\u00fck\u00fcmetin yat\u0131r\u0131mc\u0131 dostu politikalar\u0131, yerli ve yabanc\u0131 yat\u0131r\u0131mc\u0131lar i\u00e7in \u00f6zellikle avantajl\u0131 f\u0131rsatlar sunmaktad\u0131r.<\/p>\n<\/li>\n<\/ol>\n<ol start=\"3\" data-id=\"ftgrqcblvun9\">\n<li>\n<p data-id=\"nisttablvun9\"><b>Gayrimenkul Fiyatlar\u0131n\u0131n Uygunlu\u011fu<\/b>: Karada\u011f, \u00f6zellikle Avrupa\u2019n\u0131n di\u011fer \u00fclkelerine k\u0131yasla daha uygun gayrimenkul fiyatlar\u0131na sahip olmas\u0131yla bilinmektedir. Bu durum, cezp edici bir yat\u0131r\u0131m ortam\u0131 sunmakta ve yat\u0131r\u0131mc\u0131lar\u0131n gayrimenkul portf\u00f6ylerini g\u00fc\u00e7lendirmelerine olanak tan\u0131maktad\u0131r.<\/p>\n<\/li>\n<\/ol>\n<ol start=\"4\" data-id=\"3t150qblvun9\">\n<li>\n<p data-id=\"smmbj9blvun9\"><b>Yasal Kolayl\u0131klar<\/b>: Karada\u011f, yabanc\u0131 yat\u0131r\u0131mc\u0131lar i\u00e7in \u00e7e\u015fitli kolayl\u0131klar sa\u011flamaktad\u0131r. Yabanc\u0131lar\u0131n gayrimenkul sat\u0131n alabilmesi i\u00e7in gereken prosed\u00fcrlerin basit olmas\u0131, yat\u0131r\u0131m s\u00fcre\u00e7lerini h\u0131zland\u0131rmakta ve kolayla\u015ft\u0131rmaktad\u0131r.<\/p>\n<\/li>\n<\/ol>\n<p data-id=\"a20b4vblvunb\"><b>Merber Group ile Konut Sahibi Olmak<\/b><\/p>\n<p data-id=\"fhknbpblvun9\">Merber Group, modern mimarisi ve i\u015flevselli\u011fi ile dikkat \u00e7eken konut projeleri geli\u015ftirmektedir. Her ihtiyaca uygun konut se\u00e7enekleri sunan firma, Karada\u011f\u2019da konforlu ya\u015fam alanlar\u0131 yaratma hedefindedir. Merber Group\u2019un projeleri aras\u0131nda l\u00fcks daireler, villalar ve tatil k\u00f6yleri gibi \u00e7e\u015fitli konut tipleri bulunmaktad\u0131r.<\/p>\n<ol start=\"1\" data-id=\"5si08sblvun9\">\n<li>\n<p data-id=\"7sl3a7blvun9\"><b>Kalite ve Estetik<\/b>: Merber Group, in\u015faat s\u00fcre\u00e7lerinde kaliteyi birinci \u00f6ncelik olarak belirlemekte ve estetik a\u00e7\u0131dan da g\u00f6z al\u0131c\u0131 yap\u0131lara imza atmaktad\u0131r. Yat\u0131r\u0131mlar\u0131n\u0131z\u0131n de\u011ferini koruyacak nitelikte yap\u0131lar sunmaktad\u0131r.<\/p>\n<\/li>\n<\/ol>\n<ol start=\"2\" data-id=\"8uj3jjblvun9\">\n<li>\n<p data-id=\"c2ekabblvun9\"><b>S\u00fcrd\u00fcr\u00fclebilirlik<\/b>: \u0130klim de\u011fi\u015fikli\u011fiyle m\u00fccadele ve \u00e7evresel s\u00fcrd\u00fcr\u00fclebilirlik konular\u0131nda duyarl\u0131 olan Merber Group, projelerinde \u00e7evre dostu malzemelerin kullan\u0131m\u0131na \u00f6zen g\u00f6stermektedir. Bu sayede, hem enerji tasarrufu sa\u011flamakta hem de do\u011fal kaynaklar\u0131n korunmas\u0131na katk\u0131da bulunmaktad\u0131r.<\/p>\n<\/li>\n<\/ol>\n<ol start=\"3\" data-id=\"fpdr6nblvun9\">\n<li>\n<p data-id=\"t26112blvun9\"><b>Y\u00fcksek Getiri Potansiyeli<\/b>: Karada\u011f\u2019daki konut yat\u0131r\u0131mlar\u0131, k\u0131sa vadeli ve uzun vadeli yat\u0131r\u0131mlar i\u00e7in cazip f\u0131rsatlar sunmaktad\u0131r. \u00d6zellikle turizmin yo\u011fun oldu\u011fu b\u00f6lgelerde, kiralama gelirleri ile \u00f6nemli bir kazan\u00e7 elde etmek m\u00fcmk\u00fcnd\u00fcr.<\/p>\n<\/li>\n<\/ol>\n<p data-id=\"rog2utblvunb\"><a href=\"https:\/\/merbergroup.me\/projeler\"><b>Karada\u011f\u2019da \u015eirket Kurmak<\/b><\/a><\/p>\n<p data-id=\"lq573lblvun9\">Karada\u011f\u2019da i\u015f kurmak, giri\u015fimciler i\u00e7in olduk\u00e7a cazip bir f\u0131rsat sunmaktad\u0131r. Merber Group, i\u015f kurma s\u00fcre\u00e7lerinde uzman deste\u011fi sa\u011flayarak yat\u0131r\u0131mc\u0131lar\u0131n i\u015f hedeflerine ula\u015fmalar\u0131na yard\u0131mc\u0131 olmaktad\u0131r.<\/p>\n<ol start=\"1\" data-id=\"l8496kblvun9\">\n<li>\n<p data-id=\"7pgbpgblvuna\"><b>Yat\u0131r\u0131m Destek Programlar\u0131<\/b>: Karada\u011f h\u00fck\u00fcmeti, yabanc\u0131 yat\u0131r\u0131mc\u0131lara \u00e7e\u015fitli destek programlar\u0131 sunmaktad\u0131r. Bu t\u00fcr te\u015fvikler, i\u015fletmenin ba\u015flang\u0131\u00e7 maliyetlerini azaltarak giri\u015fimcilerin i\u015flerini b\u00fcy\u00fctmelerine katk\u0131 sa\u011flar.<\/p>\n<\/li>\n<\/ol>\n<ol start=\"2\" data-id=\"3im5rbblvuna\">\n<li>\n<p data-id=\"ts5h3pblvuna\"><b>Kolay Kurulu\u015f S\u00fcre\u00e7leri<\/b>: \u015eirket kurulumu ile ilgili prosed\u00fcrlerin basit olmas\u0131, h\u0131zl\u0131 bir ba\u015flang\u0131\u00e7 yapma imkan\u0131 sa\u011flamaktad\u0131r. Merber Group, bu s\u00fcre\u00e7lerde rehberlik ederek yat\u0131r\u0131mc\u0131lar\u0131n i\u015flerini sorunsuz bir \u015fekilde kurmalar\u0131n\u0131 kolayla\u015ft\u0131rmaktad\u0131r.<\/p>\n<\/li>\n<\/ol>\n<ol start=\"3\" data-id=\"miht5dblvuna\">\n<li>\n<p data-id=\"98h9i5blvuna\"><b>Yerel Pazar Bilgisi<\/b>: Merber Group, Karada\u011f\u2019daki pazar dinamikleri hakk\u0131nda derin bir bilgiye sahiptir. Giri\u015fimciler, bu bilgi ve deneyimden faydalanarak daha stratejik ad\u0131mlar atabilirler.<\/p>\n<\/li>\n<\/ol>\n<p data-id=\"ouvcd9blvunb\">Merber Group Karada\u011f<\/p>\n<figure id=\"attachment_3363\" aria-describedby=\"caption-attachment-3363\" style=\"width: 1344px\" class=\"wp-caption alignnone\"><img decoding=\"async\" class=\"size-full wp-image-3363\" src=\"https:\/\/merbergroup.me\/wp-content\/uploads\/2024\/12\/1939762df350a.png\" alt=\"Karada\u011f Yat\u0131r\u0131m\" width=\"1344\" height=\"768\" title=\"\" srcset=\"https:\/\/merbergroup.me\/wp-content\/uploads\/2024\/12\/1939762df350a.png 1344w, https:\/\/merbergroup.me\/wp-content\/uploads\/2024\/12\/1939762df350a-900x514.png 900w\" sizes=\"(max-width: 1344px) 100vw, 1344px\" \/><figcaption id=\"caption-attachment-3363\" class=\"wp-caption-text\">karada\u011f \u015firket kurulum<\/figcaption><\/figure>\n<ol start=\"1\" data-id=\"tqcj65blvuna\">\n<li>\n<p data-id=\"3qbp6dblvuna\"><b>Konut Projeleri Tan\u0131t\u0131mlar\u0131<\/b>: Merber Group\u2019un in\u015fa etti\u011fi projelerin profesyonel foto\u011fraflar\u0131, 3D g\u00f6rselle\u015ftirmeleri ve sanal tur i\u00e7erikleri, t\u00fcm \u00f6zelliklerini en iyi \u015fekilde sergilemek i\u00e7in kullan\u0131labilir.<\/p>\n<\/li>\n<\/ol>\n<ol start=\"2\" data-id=\"6rn691blvuna\">\n<li>\n<p data-id=\"3kc85tblvuna\"><b>Karada\u011f\u2019\u0131n Do\u011fas\u0131 ve K\u00fclt\u00fcr\u00fc<\/b>: Karada\u011f\u2019\u0131n do\u011fal g\u00fczellikleri, plajlar\u0131, tarihi yerleri ve k\u00fclt\u00fcrel etkinlikleri hakk\u0131nda bilgilendirici i\u00e7erikler \u00fcreterek, potansiyel yat\u0131r\u0131mc\u0131lar\u0131n dikkatini \u00e7ekmek m\u00fcmk\u00fcnd\u00fcr.<\/p>\n<\/li>\n<\/ol>\n<ol start=\"3\" data-id=\"kqlfflblvuna\">\n<li>\n<p data-id=\"363995blvuna\"><b>M\u00fc\u015fteri Yorumlar\u0131 ve Ba\u015far\u0131 Hikayeleri<\/b>: Daha \u00f6nce Merber Group ile \u00e7al\u0131\u015fm\u0131\u015f olan m\u00fc\u015fterilerin deneyimlerini payla\u015farak g\u00fcvenilir bir imaj olu\u015fturulabilir. G\u00f6rsel ve yaz\u0131l\u0131 i\u00e7eriklerde, ba\u015far\u0131 hikayeleri ile birlikte m\u00fc\u015fteri referanslar\u0131 da yer almal\u0131d\u0131r.<\/p>\n<\/li>\n<\/ol>\n<p data-id=\"gnuem0blvunb\"><b>Sonu\u00e7<\/b><\/p>\n<p data-id=\"man3s6blvuna\">Karada\u011f, yat\u0131r\u0131m yapmak, konut sahibi olmak ve \u015firket kurmak i\u00e7in bir\u00e7ok f\u0131rsat sunan dinamik bir pazard\u0131r. Merber Group, bu f\u0131rsatlardan en iyi \u015fekilde yararlanmak isteyenler i\u00e7in ideal bir i\u015f orta\u011f\u0131d\u0131r. Kaliteli projeleri, s\u00fcrd\u00fcr\u00fclebilirlik ilkeleri ve yerel piyasa bilgisi ile yat\u0131r\u0131mc\u0131lar i\u00e7in g\u00fcvenli bir liman olu\u015fturmakta olan Merber Group, Karada\u011f\u2019daki gayrimenkul yat\u0131r\u0131mlar\u0131n\u0131z\u0131 daha da de\u011ferli k\u0131lacakt\u0131r. Karada\u011f\u2019da yat\u0131r\u0131m yapmay\u0131 d\u00fc\u015f\u00fcnen herkes i\u00e7in Merber Group, hayallerinizi ger\u00e7e\u011fe d\u00f6n\u00fc\u015ft\u00fcrmede yan\u0131n\u0131zda olmaya haz\u0131rd\u0131r.<\/p>\n","protected":false},"excerpt":{"rendered":"<p>Merber Group: Karada\u011f\u2019da Yat\u0131r\u0131m F\u0131rsatlar\u0131 ve Gayrimenkul Sahipli\u011fi Merber Group Hakk\u0131nda Merber Group, in\u015faat ve yap\u0131 sekt\u00f6r\u00fcnde uzun y\u0131llara dayanan deneyimiyle bilinen bir firmad\u0131r. Kaliteden \u00f6d\u00fcn vermeyen yakla\u015f\u0131m\u0131, yenilik\u00e7i projeleri ve m\u00fc\u015fteri memnuniyetine verdi\u011fi \u00f6nem ile sekt\u00f6rde kendine sa\u011flam bir yer edinmi\u015ftir. Karada\u011f\u2019\u0131n b\u00fcy\u00fcyen gayrimenkul pazar\u0131nda yat\u0131r\u0131m yapmak isteyenler i\u00e7in&#8230; <\/p>\n<div class=\"readmore\"><a href=\"https:\/\/merbergroup.me\/en\/karadag-yatirim\/\" class=\"btn-link\">Read more<\/a><\/div>\n","protected":false},"author":1,"featured_media":0,"parent":0,"menu_order":0,"comment_status":"closed","ping_status":"closed","template":"","meta":{"_acf_changed":false,"_joinchat":[],"footnotes":""},"class_list":["post-3376","page","type-page","status-publish","hentry"],"acf":[],"_links":{"self":[{"href":"https:\/\/merbergroup.me\/en\/wp-json\/wp\/v2\/pages\/3376","targetHints":{"allow":["GET"]}}],"collection":[{"href":"https:\/\/merbergroup.me\/en\/wp-json\/wp\/v2\/pages"}],"about":[{"href":"https:\/\/merbergroup.me\/en\/wp-json\/wp\/v2\/types\/page"}],"author":[{"embeddable":true,"href":"https:\/\/merbergroup.me\/en\/wp-json\/wp\/v2\/users\/1"}],"replies":[{"embeddable":true,"href":"https:\/\/merbergroup.me\/en\/wp-json\/wp\/v2\/comments?post=3376"}],"version-history":[{"count":1,"href":"https:\/\/merbergroup.me\/en\/wp-json\/wp\/v2\/pages\/3376\/revisions"}],"predecessor-version":[{"id":3377,"href":"https:\/\/merbergroup.me\/en\/wp-json\/wp\/v2\/pages\/3376\/revisions\/3377"}],"wp:attachment":[{"href":"https:\/\/merbergroup.me\/en\/wp-json\/wp\/v2\/media?parent=3376"}],"curies":[{"name":"wp","href":"https:\/\/api.w.org\/{rel}","templated":true}]}}