{"id":2358,"date":"2021-06-27T11:03:12","date_gmt":"2021-06-27T11:03:12","guid":{"rendered":"https:\/\/merbergroup.me\/?page_id=2358"},"modified":"2024-08-20T10:10:11","modified_gmt":"2024-08-20T10:10:11","slug":"projects","status":"publish","type":"page","link":"https:\/\/merbergroup.me\/en\/projects\/","title":{"rendered":"Projects"},"content":{"rendered":"\t\t<div data-elementor-type=\"wp-page\" data-elementor-id=\"2358\" class=\"elementor elementor-2358\" data-elementor-post-type=\"page\">\n\t\t\t\t\t\t<section class=\"elementor-section elementor-top-section elementor-element elementor-element-a41e2b2 elementor-section-full_width elementor-section-height-default elementor-section-height-default\" data-id=\"a41e2b2\" data-element_type=\"section\">\n\t\t\t\t\t\t<div class=\"elementor-container elementor-column-gap-no\">\n\t\t\t\t\t<div class=\"elementor-column elementor-col-100 elementor-top-column elementor-element elementor-element-97c067e\" data-id=\"97c067e\" data-element_type=\"column\">\n\t\t\t<div class=\"elementor-widget-wrap elementor-element-populated\">\n\t\t\t\t\t\t<div class=\"elementor-element elementor-element-4f6d00e elementor-widget elementor-widget-larson-intro\" data-id=\"4f6d00e\" data-element_type=\"widget\" data-widget_type=\"larson-intro.default\">\n\t\t\t\t<div class=\"elementor-widget-container\">\n\t\t\t\t\t\n\t\t<article class=\"article\">\n\t        <header class=\"article__header\">\n\t          <div class=\"container\">\n\t            \t            <h1 class=\"article__heading heading heading--size-large\">\n\t            \t<span >\n\t\t\t\t\t\tProjects\t\t\t\t\t<\/span>\n\t            <\/h1>\n\t            \t            \t          <\/div>\n\t        <\/header>\n\t        \t    <\/article>\n\n\t\t\t\t\t\t<\/div>\n\t\t\t\t<\/div>\n\t\t\t\t\t<\/div>\n\t\t<\/div>\n\t\t\t\t\t<\/div>\n\t\t<\/section>\n\t\t\t\t<section class=\"elementor-section elementor-top-section elementor-element elementor-element-a301033 elementor-section-full_width elementor-section-height-default elementor-section-height-default\" data-id=\"a301033\" data-element_type=\"section\">\n\t\t\t\t\t\t<div class=\"elementor-container elementor-column-gap-no\">\n\t\t\t\t\t<div class=\"elementor-column elementor-col-100 elementor-top-column elementor-element elementor-element-82b94f1\" data-id=\"82b94f1\" data-element_type=\"column\">\n\t\t\t<div class=\"elementor-widget-wrap elementor-element-populated\">\n\t\t\t\t\t\t<div class=\"elementor-element elementor-element-65ce472 elementor-widget elementor-widget-larson-portfolio\" data-id=\"65ce472\" data-element_type=\"widget\" data-widget_type=\"larson-portfolio.default\">\n\t\t\t\t<div class=\"elementor-widget-container\">\n\t\t\t\t\t\n\t\t\t\t  <!-- Filter projects-->\n          <div class=\"article__filter filter container\">\n            <button class=\"filter__item filter__item--active __js_filter-btn\" type=\"button\" data-filter=\"*\">All<\/button>\n                        <button class=\"filter__item __js_filter-btn\" type=\"button\" data-filter=\".__js_completed\">Completed<\/button>\n                        <button class=\"filter__item __js_filter-btn\" type=\"button\" data-filter=\".__js_planned\">Planned<\/button>\n                        <button class=\"filter__item __js_filter-btn\" type=\"button\" data-filter=\".__js_continuing\">Continuing<\/button>\n                        <button class=\"filter__item __js_filter-btn\" type=\"button\" data-filter=\".__js_launch\">Launch<\/button>\n                      <\/div>\n        \n\t\t<div class=\"article__main article__main--width-full container\">\n\n                    <ul class=\"projects-masonry row __js_projects-grid projects-grid-col-4\">\n          \t<li class=\"grid-sizer\"><\/li>\n          \t\n\n<li class=\"projects-masonry__item col-12 col-md-6 col-xl-3 __js_masonry-item __js_completed \">\n  <a class=\"card card--small card--masonry\" href=\"https:\/\/merbergroup.me\/en\/portfolio\/item\/sv-stefan-przno\/\">\n        <div class=\"card__image\">\n      <img decoding=\"async\" src=\"https:\/\/merbergroup.me\/wp-content\/uploads\/2021\/08\/Sv-Stefan-Przno-017-900x900.jpg\" alt=\"Sv Stefan Przno\" title=\"\">\n    <\/div>\n        <div class=\"card__content\">\n            <h3 class=\"card__heading\">\n      \tSv Stefan Przno      <\/h3>\n                  <div class=\"card__text\">\n      \tWith our construction project 'Sv Stefan Przno,' located in a unique natural setting with sea views, we combine luxury and comfort.      <\/div>\n            <div class=\"card__bottom\">\n        <span class=\"card__link\">\n          See project          <svg width=\"20\" height=\"20\">\n            <use xlink:href=\"#chevron-right\"><\/use>\n          <\/svg>\n        <\/span>\n      <\/div>\n    <\/div>\n  <\/a>\n<\/li>\n\n<li class=\"projects-masonry__item col-12 col-md-6 col-xl-3 __js_masonry-item __js_completed \">\n  <a class=\"card card--small card--masonry\" href=\"https:\/\/merbergroup.me\/en\/portfolio\/item\/zafiro-becici\/\">\n        <div class=\"card__image\">\n      <img decoding=\"async\" src=\"https:\/\/merbergroup.me\/wp-content\/uploads\/2021\/08\/zafiro-becici2-768x900.jpg\" alt=\"Zafiro Becici\" title=\"\">\n    <\/div>\n        <div class=\"card__content\">\n            <h3 class=\"card__heading\">\n      \tZafiro Becici      <\/h3>\n                  <div class=\"card__text\">\n      \tWith our new project in the Becici area of Budva, we are opening the doors to modern living.      <\/div>\n            <div class=\"card__bottom\">\n        <span class=\"card__link\">\n          See project          <svg width=\"20\" height=\"20\">\n            <use xlink:href=\"#chevron-right\"><\/use>\n          <\/svg>\n        <\/span>\n      <\/div>\n    <\/div>\n  <\/a>\n<\/li>\n\n<li class=\"projects-masonry__item col-12 col-md-6 col-xl-3 __js_masonry-item __js_continuing \">\n  <a class=\"card card--small card--masonry\" href=\"https:\/\/merbergroup.me\/en\/portfolio\/item\/budva-lazi\/\">\n        <div class=\"card__image\">\n      <img decoding=\"async\" src=\"https:\/\/merbergroup.me\/wp-content\/uploads\/2021\/08\/budva-lazi-006-900x824.jpg\" alt=\"Budva Lazi\" title=\"\">\n    <\/div>\n        <div class=\"card__content\">\n            <h3 class=\"card__heading\">\n      \tBudva Lazi      <\/h3>\n                  <div class=\"card__text\">\n      \tAs Merber Group Construction, our new project in the center of Budva will be completed in June 2025.      <\/div>\n            <div class=\"card__bottom\">\n        <span class=\"card__link\">\n          See project          <svg width=\"20\" height=\"20\">\n            <use xlink:href=\"#chevron-right\"><\/use>\n          <\/svg>\n        <\/span>\n      <\/div>\n    <\/div>\n  <\/a>\n<\/li>\n\n<li class=\"projects-masonry__item col-12 col-md-6 col-xl-3 __js_masonry-item __js_completed \">\n  <a class=\"card card--small card--masonry\" href=\"https:\/\/merbergroup.me\/en\/portfolio\/item\/zafiro-kolasin\/\">\n        <div class=\"card__image\">\n      <img decoding=\"async\" src=\"https:\/\/merbergroup.me\/wp-content\/uploads\/2021\/08\/zafiro-kolasin-8-900x900.jpg\" alt=\"Zafiro Kolasin\" title=\"\">\n    <\/div>\n        <div class=\"card__content\">\n            <h3 class=\"card__heading\">\n      \tZafiro Kolasin      <\/h3>\n                  <div class=\"card__text\">\n      \tIn the city of Kolasin, Montenegro, a project with 30 apartments started in September 2023 and will be completed in July 2024. The project is located near the ski slopes, which are popular for winter tourism.      <\/div>\n            <div class=\"card__bottom\">\n        <span class=\"card__link\">\n          See project          <svg width=\"20\" height=\"20\">\n            <use xlink:href=\"#chevron-right\"><\/use>\n          <\/svg>\n        <\/span>\n      <\/div>\n    <\/div>\n  <\/a>\n<\/li>\n\n<li class=\"projects-masonry__item col-12 col-md-6 col-xl-3 __js_masonry-item __js_planned \">\n  <a class=\"card card--small card--masonry\" href=\"https:\/\/merbergroup.me\/en\/portfolio\/item\/budva-lapcici\/\">\n        <div class=\"card__image\">\n      <img decoding=\"async\" src=\"https:\/\/merbergroup.me\/wp-content\/uploads\/2021\/08\/budva-lapcici-3-900x900.jpg\" alt=\"Budva Lapcici\" title=\"\">\n    <\/div>\n        <div class=\"card__content\">\n            <h3 class=\"card__heading\">\n      \tBudva Lapcici      <\/h3>\n                  <div class=\"card__text\">\n      \tWe present our new luxury complex, which will be built on an 8-acre plot in the Lapcici area, with Budva's unique nature and stunning views.      <\/div>\n            <div class=\"card__bottom\">\n        <span class=\"card__link\">\n          See project          <svg width=\"20\" height=\"20\">\n            <use xlink:href=\"#chevron-right\"><\/use>\n          <\/svg>\n        <\/span>\n      <\/div>\n    <\/div>\n  <\/a>\n<\/li>\n\n<li class=\"projects-masonry__item col-12 col-md-6 col-xl-3 __js_masonry-item __js_launch \">\n  <a class=\"card card--small card--masonry\" href=\"https:\/\/merbergroup.me\/en\/portfolio\/item\/budva-babindo\/\">\n        <div class=\"card__image\">\n      <img decoding=\"async\" src=\"https:\/\/merbergroup.me\/wp-content\/uploads\/2025\/09\/robindo-10-900x877.jpeg\" alt=\"Budva Babindo\" title=\"\">\n    <\/div>\n        <div class=\"card__content\">\n            <h3 class=\"card__heading\">\n      \tBudva Babindo      <\/h3>\n                  <div class=\"card__text\">\n      \tOur new city hotel concept project, located in the center of Budva within walking distance of Old Town, offers a modern and luxurious living space with 20 apartments.      <\/div>\n            <div class=\"card__bottom\">\n        <span class=\"card__link\">\n          See project          <svg width=\"20\" height=\"20\">\n            <use xlink:href=\"#chevron-right\"><\/use>\n          <\/svg>\n        <\/span>\n      <\/div>\n    <\/div>\n  <\/a>\n<\/li>\n\n<li class=\"projects-masonry__item col-12 col-md-6 col-xl-3 __js_masonry-item __js_launch \">\n  <a class=\"card card--small card--masonry\" href=\"https:\/\/merbergroup.me\/en\/portfolio\/item\/kotor-elysium-boka-residence\/\">\n        <div class=\"card__image\">\n      <img decoding=\"async\" src=\"https:\/\/merbergroup.me\/wp-content\/uploads\/2021\/08\/kotor2-900x900.jpeg\" alt=\"Kotor Elysium Boka Residence\" title=\"\">\n    <\/div>\n        <div class=\"card__content\">\n            <h3 class=\"card__heading\">\n      \tKotor Elysium Boka Residence      <\/h3>\n                  <div class=\"card__text\">\n      \tWe present our luxury project in the Dobrota district of Kotor, featuring panoramic sea views and an infinity pool.      <\/div>\n            <div class=\"card__bottom\">\n        <span class=\"card__link\">\n          See project          <svg width=\"20\" height=\"20\">\n            <use xlink:href=\"#chevron-right\"><\/use>\n          <\/svg>\n        <\/span>\n      <\/div>\n    <\/div>\n  <\/a>\n<\/li>\n\n<li class=\"projects-masonry__item col-12 col-md-6 col-xl-3 __js_masonry-item __js_launch \">\n  <a class=\"card card--small card--masonry\" href=\"https:\/\/merbergroup.me\/en\/portfolio\/item\/elysium-residences\/\">\n        <div class=\"card__image\">\n      <img decoding=\"async\" src=\"https:\/\/merbergroup.me\/wp-content\/uploads\/2021\/08\/elysium-residences-004-900x900.jpg\" alt=\"Elysium Residences\" title=\"\">\n    <\/div>\n        <div class=\"card__content\">\n            <h3 class=\"card__heading\">\n      \tElysium Residences      <\/h3>\n                  <div class=\"card__bottom\">\n        <span class=\"card__link\">\n          See project          <svg width=\"20\" height=\"20\">\n            <use xlink:href=\"#chevron-right\"><\/use>\n          <\/svg>\n        <\/span>\n      <\/div>\n    <\/div>\n  <\/a>\n<\/li>          <\/ul>\n\n          \n        <\/div>\n\n\t\t\t\t\t\t<\/div>\n\t\t\t\t<\/div>\n\t\t\t\t\t<\/div>\n\t\t<\/div>\n\t\t\t\t\t<\/div>\n\t\t<\/section>\n\t\t\t\t<\/div>\n\t\t","protected":false},"excerpt":{"rendered":"<p>Projects T\u00fcm\u00fc Lansmana \u00c7\u0131kanlar Devam Eden Planlanan Tamamlanan Sv Stefan Przno Deniz manzaral\u0131 e\u015fsiz do\u011fa i\u00e7inde konumlanan &#8220;Sv Stefan Przno&#8221; in\u015faat projemizle l\u00fcks ve konforu bir araya getiriyoruz. Proje Detay\u0131 Zafiro Becici Budva Becici b\u00f6lgesindeki yeni projemizle modern ya\u015fam\u0131n kap\u0131lar\u0131n\u0131 aral\u0131yoruz. Proje Detay\u0131 Budva Lazi Merber Group \u0130n\u015faat olarak, Budva&#8217;n\u0131n&#8230; <\/p>\n<div class=\"readmore\"><a href=\"https:\/\/merbergroup.me\/en\/portfolio\/item\/elysium-residences\/\" class=\"btn-link\">Read more<\/a><\/div>\n","protected":false},"author":1,"featured_media":0,"parent":0,"menu_order":0,"comment_status":"closed","ping_status":"closed","template":"template-elementor-default.php","meta":{"_acf_changed":false,"_joinchat":[],"footnotes":""},"class_list":["post-2358","page","type-page","status-publish","hentry"],"acf":[],"_links":{"self":[{"href":"https:\/\/merbergroup.me\/en\/wp-json\/wp\/v2\/pages\/2358","targetHints":{"allow":["GET"]}}],"collection":[{"href":"https:\/\/merbergroup.me\/en\/wp-json\/wp\/v2\/pages"}],"about":[{"href":"https:\/\/merbergroup.me\/en\/wp-json\/wp\/v2\/types\/page"}],"author":[{"embeddable":true,"href":"https:\/\/merbergroup.me\/en\/wp-json\/wp\/v2\/users\/1"}],"replies":[{"embeddable":true,"href":"https:\/\/merbergroup.me\/en\/wp-json\/wp\/v2\/comments?post=2358"}],"version-history":[{"count":4,"href":"https:\/\/merbergroup.me\/en\/wp-json\/wp\/v2\/pages\/2358\/revisions"}],"predecessor-version":[{"id":2421,"href":"https:\/\/merbergroup.me\/en\/wp-json\/wp\/v2\/pages\/2358\/revisions\/2421"}],"wp:attachment":[{"href":"https:\/\/merbergroup.me\/en\/wp-json\/wp\/v2\/media?parent=2358"}],"curies":[{"name":"wp","href":"https:\/\/api.w.org\/{rel}","templated":true}]}}