{"id":2149,"date":"2021-06-14T21:16:10","date_gmt":"2021-06-14T21:16:10","guid":{"rendered":"https:\/\/merbergroup.me\/about-us\/"},"modified":"2024-12-11T07:59:56","modified_gmt":"2024-12-11T07:59:56","slug":"about-us","status":"publish","type":"page","link":"https:\/\/merbergroup.me\/en\/about-us\/","title":{"rendered":"About Us"},"content":{"rendered":"\t\t<div data-elementor-type=\"wp-page\" data-elementor-id=\"2149\" class=\"elementor elementor-2149\" data-elementor-post-type=\"page\">\n\t\t\t\t\t\t<section class=\"elementor-section elementor-top-section elementor-element elementor-element-a41e2b2 elementor-section-full_width elementor-section-height-default elementor-section-height-default\" data-id=\"a41e2b2\" data-element_type=\"section\">\n\t\t\t\t\t\t<div class=\"elementor-container elementor-column-gap-no\">\n\t\t\t\t\t<div class=\"elementor-column elementor-col-100 elementor-top-column elementor-element elementor-element-97c067e\" data-id=\"97c067e\" data-element_type=\"column\">\n\t\t\t<div class=\"elementor-widget-wrap elementor-element-populated\">\n\t\t\t\t\t\t<div class=\"elementor-element elementor-element-4f6d00e elementor-widget elementor-widget-larson-intro\" data-id=\"4f6d00e\" data-element_type=\"widget\" data-widget_type=\"larson-intro.default\">\n\t\t\t\t<div class=\"elementor-widget-container\">\n\t\t\t\t\t\n\t\t<article class=\"article\">\n\t        <header class=\"article__header\">\n\t          <div class=\"container\">\n\t            \t            <h1 class=\"article__heading heading heading--size-large\">\n\t            \t<span >\n\t\t\t\t\t\t\nQuality and<br> name of<span class=\"color-yellow\"> trust<span> \t\t\t\t\t<\/span>\n\t            <\/h1>\n\t            \t            \t          <\/div>\n\t        <\/header>\n\t        \t        <div class=\"article__about-hero container\">\n\t          <img decoding=\"async\" src=\"https:\/\/merbergroup.me\/wp-content\/uploads\/2024\/07\/about.webp\" alt=\"Karada\u011f Yat\u0131r\u0131m\" title=\"\">\n\t        <\/div>\n\t        \t    <\/article>\n\n\t\t\t\t\t\t<\/div>\n\t\t\t\t<\/div>\n\t\t\t\t\t<\/div>\n\t\t<\/div>\n\t\t\t\t\t<\/div>\n\t\t<\/section>\n\t\t\t\t<section class=\"elementor-section elementor-top-section elementor-element elementor-element-4c57874 elementor-section-full_width elementor-section-height-default elementor-section-height-default\" data-id=\"4c57874\" data-element_type=\"section\">\n\t\t\t\t\t\t<div class=\"elementor-container elementor-column-gap-no\">\n\t\t\t\t\t<div class=\"elementor-column elementor-col-100 elementor-top-column elementor-element elementor-element-362f2fe\" data-id=\"362f2fe\" data-element_type=\"column\">\n\t\t\t<div class=\"elementor-widget-wrap elementor-element-populated\">\n\t\t\t\t\t\t<div class=\"elementor-element elementor-element-fae3345 elementor-widget elementor-widget-larson-about-description\" data-id=\"fae3345\" data-element_type=\"widget\" data-widget_type=\"larson-about-description.default\">\n\t\t\t\t<div class=\"elementor-widget-container\">\n\t\t\t\t\t\n\t\t<section class=\"webpage__about-block about-block about-block--columns\">\n          <div class=\"about-block__inner container\">\n                        <header class=\"about-block__header\" data-aos=\"fade\">\n              <h2 class=\"about-block__heading heading\">\n              \t<span >\n\t\t\t\t\tAbout Merber Group\n\t\t\t\t<\/span>\n              <\/h2>\n            <\/header>\n                                    <div class=\"about-block__main\">\n                            <div class=\"about-block__text\" data-aos=\"fade\">\n                <div >\n\t\t\t\t\t<p><strong>Merber Group Construction was established with the aim of executing innovative and high-quality projects in its sector.<\/strong><\/p><p>Since 2018, our company has been operating in Montenegro, successfully serving its customers through build-and-sell projects.<\/p><p>Our construction company, which is a joint investment partnership that continues its projects by growing with customer satisfaction, has planned its investments in Montenegro, a country in the process of joining the European Union, until 2035.<\/p><p>Since our establishment, we have gained a reliable and reputable position in the sector with our projects designed with an aesthetic concern that combines quality and quantity.<\/p><p>We always prioritize customer satisfaction and work to produce modern living spaces and commercial projects with high investment value.<\/p><p>With our experienced and visionary team that acts with the mission of creating benefits for people at every step, we combine high-quality standards with aesthetics.<\/p><p>We are continuing our journey with confident steps toward becoming one of the Turkish brands that opens up to the world.<\/p>\t\t\t\t<\/div>\n              <\/div>\n                                          <blockquote class=\"about-block__quote\" data-aos=\"fade\">\n              \t<span >\n\t\t\t\t\tWith our high-quality standards, aesthetic designs, and commitment to customer satisfaction, we continue to maintain a strong presence in the industry.\n\t\t\t\t<\/span>\n\t\t\t\t<span class=\"sep\"><svg viewBox='0 0 83 62' fill='none' xmlns='http:\/\/www.w3.org\/2000\/svg'><path d='M18.6.2c6.267 0 11 2.267 14.2 6.8 3.333 4.4 5 9.667 5 15.8 0 8.267-2.467 15.933-7.4 23-4.8 7.067-10.867 12.333-18.2 15.8L.4 52.2c5.333-2.133 10-5.067 14-8.8 4-3.867 6.733-7.867 8.2-12l-1-.6c-.667.533-1.467.933-2.4 1.2-.933.267-2.267.4-4 .4-3.067 0-6.2-1.2-9.4-3.6-3.067-2.533-4.6-6.333-4.6-11.4 0-5.333 1.733-9.533 5.2-12.6S13.933.2 18.6.2zm44.8 0c6.267 0 11 2.267 14.2 6.8 3.333 4.4 5 9.667 5 15.8 0 8.267-2.467 15.933-7.4 23-4.8 7.067-10.867 12.333-18.2 15.8l-11.8-9.4c5.333-2.133 10-5.067 14-8.8 4-3.867 6.733-7.867 8.2-12l-1-.6c-.667.533-1.467.933-2.4 1.2-.933.267-2.267.4-4 .4-3.067 0-6.2-1.2-9.4-3.6-3.067-2.533-4.6-6.333-4.6-11.4 0-5.333 1.733-9.533 5.2-12.6S58.733.2 63.4.2z' fill='#ffb74d'\/><\/svg><\/span>\n              <\/blockquote>\n                          <\/div>\n                      <\/div>\n        <\/section>\n\n\t\t\t\t\t\t<\/div>\n\t\t\t\t<\/div>\n\t\t\t\t\t<\/div>\n\t\t<\/div>\n\t\t\t\t\t<\/div>\n\t\t<\/section>\n\t\t\t\t<\/div>\n\t\t","protected":false},"excerpt":{"rendered":"<p>Quality and name of trust About Merber Group Merber Group Construction was established with the aim of executing innovative and high-quality projects in its sector. Since 2018, our company has been operating in Montenegro, successfully serving its customers through build-and-sell projects. Our construction company, which is a joint investment partnership&#8230; <\/p>\n<div class=\"readmore\"><a href=\"https:\/\/merbergroup.me\/en\/about-us\/\" class=\"btn-link\">Read more<\/a><\/div>\n","protected":false},"author":1,"featured_media":0,"parent":0,"menu_order":0,"comment_status":"closed","ping_status":"closed","template":"template-elementor-default.php","meta":{"_acf_changed":false,"_joinchat":[],"footnotes":""},"class_list":["post-2149","page","type-page","status-publish","hentry"],"acf":[],"_links":{"self":[{"href":"https:\/\/merbergroup.me\/en\/wp-json\/wp\/v2\/pages\/2149","targetHints":{"allow":["GET"]}}],"collection":[{"href":"https:\/\/merbergroup.me\/en\/wp-json\/wp\/v2\/pages"}],"about":[{"href":"https:\/\/merbergroup.me\/en\/wp-json\/wp\/v2\/types\/page"}],"author":[{"embeddable":true,"href":"https:\/\/merbergroup.me\/en\/wp-json\/wp\/v2\/users\/1"}],"replies":[{"embeddable":true,"href":"https:\/\/merbergroup.me\/en\/wp-json\/wp\/v2\/comments?post=2149"}],"version-history":[{"count":7,"href":"https:\/\/merbergroup.me\/en\/wp-json\/wp\/v2\/pages\/2149\/revisions"}],"predecessor-version":[{"id":3436,"href":"https:\/\/merbergroup.me\/en\/wp-json\/wp\/v2\/pages\/2149\/revisions\/3436"}],"wp:attachment":[{"href":"https:\/\/merbergroup.me\/en\/wp-json\/wp\/v2\/media?parent=2149"}],"curies":[{"name":"wp","href":"https:\/\/api.w.org\/{rel}","templated":true}]}}